{"id":16,"date":"2020-08-14T14:14:53","date_gmt":"2020-08-14T12:14:53","guid":{"rendered":"http:\/\/ledorga.fr\/?page_id=16"},"modified":"2025-11-11T12:21:13","modified_gmt":"2025-11-11T11:21:13","slug":"notre-histoire","status":"publish","type":"page","link":"https:\/\/ledorga.fr\/?page_id=16","title":{"rendered":"Dans le r\u00e9tro"},"content":{"rendered":"\n<p>Dans le r\u00e9tro, c&rsquo;est l&rsquo;historique des \u00e9v\u00e8nements pass\u00e9s&#8230;<\/p>\n\n\n\n<hr class=\"wp-block-separator is-style-wide\"\/>\n\n\n\n<h2 class=\"has-text-align-center\"><strong>Chouette Rallye :<\/strong><\/h2>\n\n\n\n<hr class=\"wp-block-separator is-style-wide\"\/>\n\n\n\n<div class=\"wp-block-image\"><figure class=\"aligncenter size-large\"><a href=\"http:\/\/ledorga.fr\/?page_id=1550\"><img loading=\"lazy\" width=\"1024\" height=\"1024\" src=\"https:\/\/ledorga.fr\/wp-content\/uploads\/2024\/01\/4-Chouette-1024x1024.png\" alt=\"\" class=\"wp-image-1782\" srcset=\"https:\/\/ledorga.fr\/wp-content\/uploads\/2024\/01\/4-Chouette-1024x1024.png 1024w, https:\/\/ledorga.fr\/wp-content\/uploads\/2024\/01\/4-Chouette-300x300.png 300w, https:\/\/ledorga.fr\/wp-content\/uploads\/2024\/01\/4-Chouette-150x150.png 150w, https:\/\/ledorga.fr\/wp-content\/uploads\/2024\/01\/4-Chouette-768x768.png 768w, https:\/\/ledorga.fr\/wp-content\/uploads\/2024\/01\/4-Chouette-1536x1536.png 1536w, https:\/\/ledorga.fr\/wp-content\/uploads\/2024\/01\/4-Chouette-2048x2048.png 2048w\" sizes=\"(max-width: 1024px) 100vw, 1024px\" \/><\/a><figcaption>Clique sur l&rsquo;image pour acc\u00e9der \u00e0 l&rsquo;historique des Chouette Rallye<\/figcaption><\/figure><\/div>\n\n\n\n<hr class=\"wp-block-separator is-style-wide\"\/>\n\n\n\n<h2 class=\"has-text-align-center\"><strong>Rainbow Tour :<\/strong><\/h2>\n\n\n\n<div class=\"wp-block-image\"><figure class=\"aligncenter size-large\"><a href=\"http:\/\/ledorga.fr\/?page_id=166\"><img loading=\"lazy\" width=\"1024\" height=\"1024\" src=\"http:\/\/ledorga.fr\/wp-content\/uploads\/2024\/01\/2-campagne-1024x1024.png\" alt=\"\" class=\"wp-image-1780\" srcset=\"https:\/\/ledorga.fr\/wp-content\/uploads\/2024\/01\/2-campagne-1024x1024.png 1024w, https:\/\/ledorga.fr\/wp-content\/uploads\/2024\/01\/2-campagne-300x300.png 300w, https:\/\/ledorga.fr\/wp-content\/uploads\/2024\/01\/2-campagne-150x150.png 150w, https:\/\/ledorga.fr\/wp-content\/uploads\/2024\/01\/2-campagne-768x768.png 768w, https:\/\/ledorga.fr\/wp-content\/uploads\/2024\/01\/2-campagne-1536x1536.png 1536w, https:\/\/ledorga.fr\/wp-content\/uploads\/2024\/01\/2-campagne-2048x2048.png 2048w\" sizes=\"(max-width: 1024px) 100vw, 1024px\" \/><\/a><figcaption>Clique sur l&rsquo;image pour acc\u00e9der \u00e0 l&rsquo;historique des Rainbow Tour<\/figcaption><\/figure><\/div>\n\n\n\n<hr class=\"wp-block-separator is-style-wide\"\/>\n\n\n\n<hr class=\"wp-block-separator is-style-wide\"\/>\n\n\n\n<h2 class=\"has-text-align-center\"><strong>Sweet Trip :<\/strong><\/h2>\n\n\n\n<hr class=\"wp-block-separator is-style-wide\"\/>\n\n\n\n<div class=\"wp-block-image\"><figure class=\"aligncenter size-large\"><a href=\"http:\/\/ledorga.fr\/?page_id=168\"><img loading=\"lazy\" width=\"1024\" height=\"1024\" src=\"http:\/\/ledorga.fr\/wp-content\/uploads\/2024\/01\/3-montagne-BW1-1024x1024.png\" alt=\"\" class=\"wp-image-1781\" srcset=\"https:\/\/ledorga.fr\/wp-content\/uploads\/2024\/01\/3-montagne-BW1-1024x1024.png 1024w, https:\/\/ledorga.fr\/wp-content\/uploads\/2024\/01\/3-montagne-BW1-300x300.png 300w, https:\/\/ledorga.fr\/wp-content\/uploads\/2024\/01\/3-montagne-BW1-150x150.png 150w, https:\/\/ledorga.fr\/wp-content\/uploads\/2024\/01\/3-montagne-BW1-768x768.png 768w, https:\/\/ledorga.fr\/wp-content\/uploads\/2024\/01\/3-montagne-BW1-1536x1536.png 1536w, https:\/\/ledorga.fr\/wp-content\/uploads\/2024\/01\/3-montagne-BW1-2048x2048.png 2048w\" sizes=\"(max-width: 1024px) 100vw, 1024px\" \/><\/a><figcaption>Clique sur l&rsquo;image pour acc\u00e9der \u00e0 l&rsquo;historique des Sweet Trip<\/figcaption><\/figure><\/div>\n\n\n\n<hr class=\"wp-block-separator is-style-wide\"\/>\n\n\n\n<h2 class=\"has-text-align-center\"><strong>Gaystronotrip :<\/strong><\/h2>\n\n\n\n<hr class=\"wp-block-separator is-style-wide\"\/>\n\n\n\n<div class=\"wp-block-image\"><figure class=\"aligncenter size-large\"><a href=\"http:\/\/ledorga.fr\/?page_id=792\"><img loading=\"lazy\" width=\"1024\" height=\"1024\" src=\"http:\/\/ledorga.fr\/wp-content\/uploads\/2024\/01\/1-20190104-DDT-1024x1024.png\" alt=\"\" class=\"wp-image-1779\" srcset=\"https:\/\/ledorga.fr\/wp-content\/uploads\/2024\/01\/1-20190104-DDT-1024x1024.png 1024w, https:\/\/ledorga.fr\/wp-content\/uploads\/2024\/01\/1-20190104-DDT-300x300.png 300w, https:\/\/ledorga.fr\/wp-content\/uploads\/2024\/01\/1-20190104-DDT-150x150.png 150w, https:\/\/ledorga.fr\/wp-content\/uploads\/2024\/01\/1-20190104-DDT-768x768.png 768w, https:\/\/ledorga.fr\/wp-content\/uploads\/2024\/01\/1-20190104-DDT-1536x1536.png 1536w, https:\/\/ledorga.fr\/wp-content\/uploads\/2024\/01\/1-20190104-DDT-2048x2048.png 2048w\" sizes=\"(max-width: 1024px) 100vw, 1024px\" \/><\/a><figcaption>Clique sur l&rsquo;image pour acc\u00e9der \u00e0 l&rsquo;historique des Gaystronotrip<\/figcaption><\/figure><\/div>\n\n\n\n<p><\/p>\n","protected":false},"excerpt":{"rendered":"<p class=\"mb-2\">Dans le r\u00e9tro, c&rsquo;est l&rsquo;historique des \u00e9v\u00e8nements pass\u00e9s&#8230; Chouette Rallye : Rainbow Tour : Sweet Trip : Gaystronotrip :<\/p>\n","protected":false},"author":1,"featured_media":0,"parent":0,"menu_order":0,"comment_status":"closed","ping_status":"closed","template":"","meta":[],"_links":{"self":[{"href":"https:\/\/ledorga.fr\/index.php?rest_route=\/wp\/v2\/pages\/16"}],"collection":[{"href":"https:\/\/ledorga.fr\/index.php?rest_route=\/wp\/v2\/pages"}],"about":[{"href":"https:\/\/ledorga.fr\/index.php?rest_route=\/wp\/v2\/types\/page"}],"author":[{"embeddable":true,"href":"https:\/\/ledorga.fr\/index.php?rest_route=\/wp\/v2\/users\/1"}],"replies":[{"embeddable":true,"href":"https:\/\/ledorga.fr\/index.php?rest_route=%2Fwp%2Fv2%2Fcomments&post=16"}],"version-history":[{"count":58,"href":"https:\/\/ledorga.fr\/index.php?rest_route=\/wp\/v2\/pages\/16\/revisions"}],"predecessor-version":[{"id":2348,"href":"https:\/\/ledorga.fr\/index.php?rest_route=\/wp\/v2\/pages\/16\/revisions\/2348"}],"wp:attachment":[{"href":"https:\/\/ledorga.fr\/index.php?rest_route=%2Fwp%2Fv2%2Fmedia&parent=16"}],"curies":[{"name":"wp","href":"https:\/\/api.w.org\/{rel}","templated":true}]}}