{"id":166,"date":"2020-08-20T18:29:21","date_gmt":"2020-08-20T16:29:21","guid":{"rendered":"http:\/\/ledorga.fr\/?page_id=166"},"modified":"2025-11-09T18:58:27","modified_gmt":"2025-11-09T17:58:27","slug":"rainbow-tour","status":"publish","type":"page","link":"https:\/\/ledorga.fr\/?page_id=166","title":{"rendered":"L&rsquo;historique des Rainbow Tour"},"content":{"rendered":"\n<div class=\"wp-block-image\"><figure class=\"alignleft size-medium\"><img loading=\"lazy\" width=\"300\" height=\"300\" src=\"https:\/\/ledorga.fr\/wp-content\/uploads\/2020\/08\/MD4-300x300.png\" alt=\"\" class=\"wp-image-225\" srcset=\"https:\/\/ledorga.fr\/wp-content\/uploads\/2020\/08\/MD4-300x300.png 300w, https:\/\/ledorga.fr\/wp-content\/uploads\/2020\/08\/MD4-1024x1024.png 1024w, https:\/\/ledorga.fr\/wp-content\/uploads\/2020\/08\/MD4-150x150.png 150w, https:\/\/ledorga.fr\/wp-content\/uploads\/2020\/08\/MD4-768x768.png 768w, https:\/\/ledorga.fr\/wp-content\/uploads\/2020\/08\/MD4-1536x1536.png 1536w, https:\/\/ledorga.fr\/wp-content\/uploads\/2020\/08\/MD4-2048x2048.png 2048w\" sizes=\"(max-width: 300px) 100vw, 300px\" \/><\/figure><\/div>\n\n\n\n<p><\/p>\n\n\n\n<p>Le mois d\u2019octobre est souvent une p\u00e9riode plus calme pour les activit\u00e9s li\u00e9es \u00e0 l\u2019automobile ancienne, et c\u2019est pour cela que nous profitons de ce moment pour nous retrouver dans une r\u00e9gion de France diff\u00e9rente \u00e0 chaque fois. La rencontre \u00e9tant plus longue dans le temps, cela permet de d\u00e9couvrir de mani\u00e8re plus approfondie une r\u00e9gion nouvelle. Par exemple, les activit\u00e9s ou visites de sites industriels sont possible en semaine car les entreprises sont ouvertes, se qui n\u2019est pas toujours le cas les week-ends. Bien sur, les monuments et lieux historiques ne sont pas oubli\u00e9s. Cette rencontre est d\u00e9di\u00e9e exclusivement \u00e0 la promenade et \u00e0 la d\u00e9tente en parcourant le plus possible les routes touristique de la r\u00e9gion de destination, et ceci sans jeux ou questions. Enfin, le groupe est de taille plus r\u00e9duite ce qui permet d\u2019approfondir les nouvelles rencontres ou d\u2019entretenir les amiti\u00e9s anciennes ou nouvelles.<\/p>\n\n\n\n<p>Depuis 2013, Rainbow Tour est un rassemblement unique destin\u00e9 aux gays amateurs de v\u00e9hicules anciens ou d\u2019exceptions. Cet \u00e9v\u00e9nement unique en Europe se d\u00e9roule sur une p\u00e9riode de 1 semaine tous les 2 ans au mois d\u2019octobre.<\/p>\n\n\n\n<p>Notre slogan pour cet \u00e9v\u00e9nement est simple&nbsp;: une semaine de vacances en voiture ancienne&nbsp;!<\/p>\n\n\n\n<p>Notre slogan pour cet \u00e9v\u00e9nement est simple&nbsp;: une semaine de vacances en voiture ancienne&nbsp;!<\/p>\n\n\n\n<p> <\/p>\n\n\n\n<p> <\/p>\n\n\n\n<hr class=\"wp-block-separator is-style-wide\"\/>\n\n\n\n<h2 class=\"has-text-align-center\">2024<\/h2>\n\n\n\n<div class=\"wp-block-columns\">\n<div class=\"wp-block-column\" style=\"flex-basis:66.66%\">\n<figure class=\"wp-block-image size-large\"><img loading=\"lazy\" width=\"751\" height=\"430\" src=\"https:\/\/ledorga.fr\/wp-content\/uploads\/2025\/11\/bandeau_RT2024.jpg\" alt=\"\" class=\"wp-image-2290\" srcset=\"https:\/\/ledorga.fr\/wp-content\/uploads\/2025\/11\/bandeau_RT2024.jpg 751w, https:\/\/ledorga.fr\/wp-content\/uploads\/2025\/11\/bandeau_RT2024-300x172.jpg 300w\" sizes=\"(max-width: 751px) 100vw, 751px\" \/><\/figure>\n<\/div>\n\n\n\n<div class=\"wp-block-column is-vertically-aligned-center\" style=\"flex-basis:33.33%\">\n<p>Date : Du 5 au 13 Oct. 2024<\/p>\n\n\n\n<p>Lieu : Haute Vienne &amp; Dordogne<\/p>\n<\/div>\n<\/div>\n\n\n\n<h2 class=\"has-text-align-center\">2022<\/h2>\n\n\n\n<div class=\"wp-block-columns\">\n<div class=\"wp-block-column is-vertically-aligned-center\" style=\"flex-basis:33.33%\">\n<p>Date : Du 1er au 8 Oct. 2022<\/p>\n\n\n\n<p>Lieu : Vienne et Charente Maritime<\/p>\n<\/div>\n\n\n\n<div class=\"wp-block-column\" style=\"flex-basis:66.66%\">\n<figure class=\"wp-block-image size-large\"><img loading=\"lazy\" width=\"500\" height=\"350\" src=\"http:\/\/ledorga.fr\/wp-content\/uploads\/2022\/03\/bandeau_RT2022.jpg\" alt=\"\" class=\"wp-image-868\" srcset=\"https:\/\/ledorga.fr\/wp-content\/uploads\/2022\/03\/bandeau_RT2022.jpg 500w, https:\/\/ledorga.fr\/wp-content\/uploads\/2022\/03\/bandeau_RT2022-300x210.jpg 300w\" sizes=\"(max-width: 500px) 100vw, 500px\" \/><\/figure>\n<\/div>\n<\/div>\n\n\n\n<h2 class=\"has-text-align-center\">2020<\/h2>\n\n\n\n<div class=\"wp-block-columns\">\n<div class=\"wp-block-column\" style=\"flex-basis:66.66%\">\n<figure class=\"wp-block-image size-large\"><img loading=\"lazy\" width=\"616\" height=\"366\" src=\"http:\/\/ledorga.fr\/wp-content\/uploads\/2020\/08\/RT2020.jpg\" alt=\"\" class=\"wp-image-87\" srcset=\"https:\/\/ledorga.fr\/wp-content\/uploads\/2020\/08\/RT2020.jpg 616w, https:\/\/ledorga.fr\/wp-content\/uploads\/2020\/08\/RT2020-300x178.jpg 300w\" sizes=\"(max-width: 616px) 100vw, 616px\" \/><\/figure>\n<\/div>\n\n\n\n<div class=\"wp-block-column is-vertically-aligned-center\" style=\"flex-basis:33.33%\">\n<p>Date : Du 3 au 10 Oct. 2020<\/p>\n\n\n\n<p>Lieu : Haute Vienne &amp; Dordogne<\/p>\n<\/div>\n<\/div>\n\n\n\n<h2 class=\"has-text-align-center\">2018<\/h2>\n\n\n\n<div class=\"wp-block-columns\">\n<div class=\"wp-block-column is-vertically-aligned-center\" style=\"flex-basis:33.33%\">\n<p>Date : Du 9 au 15 Sept. 2018<\/p>\n\n\n\n<p>Lieu : Ni\u00e8vre &amp; Puy de D\u00f4me<\/p>\n<\/div>\n\n\n\n<div class=\"wp-block-column\" style=\"flex-basis:66.66%\">\n<figure class=\"wp-block-image size-large\"><img loading=\"lazy\" width=\"575\" height=\"311\" src=\"http:\/\/ledorga.fr\/wp-content\/uploads\/2020\/08\/RT2018.jpg\" alt=\"\" class=\"wp-image-77\" srcset=\"https:\/\/ledorga.fr\/wp-content\/uploads\/2020\/08\/RT2018.jpg 575w, https:\/\/ledorga.fr\/wp-content\/uploads\/2020\/08\/RT2018-300x162.jpg 300w\" sizes=\"(max-width: 575px) 100vw, 575px\" \/><\/figure>\n<\/div>\n<\/div>\n\n\n\n<h2 class=\"has-text-align-center\">2016<\/h2>\n\n\n\n<div class=\"wp-block-columns\">\n<div class=\"wp-block-column\" style=\"flex-basis:66.66%\">\n<figure class=\"wp-block-image size-large\"><img loading=\"lazy\" width=\"553\" height=\"145\" src=\"http:\/\/ledorga.fr\/wp-content\/uploads\/2020\/08\/bandeau-terre-neuve.jpg\" alt=\"\" class=\"wp-image-208\" srcset=\"https:\/\/ledorga.fr\/wp-content\/uploads\/2020\/08\/bandeau-terre-neuve.jpg 553w, https:\/\/ledorga.fr\/wp-content\/uploads\/2020\/08\/bandeau-terre-neuve-300x79.jpg 300w\" sizes=\"(max-width: 553px) 100vw, 553px\" \/><\/figure>\n<\/div>\n\n\n\n<div class=\"wp-block-column is-vertically-aligned-center\" style=\"flex-basis:33.33%\">\n<p>Du 17 au 24 Sep. 2016<\/p>\n\n\n\n<p>Lieu : Maine et Loire &amp; Vend\u00e9e<\/p>\n<\/div>\n<\/div>\n\n\n\n<h2 class=\"has-text-align-center\">2010<\/h2>\n\n\n\n<div class=\"wp-block-columns\">\n<div class=\"wp-block-column is-vertically-aligned-center\" style=\"flex-basis:33.33%\">\n<p>Date : Du 9 au 16 Oct. 2010<\/p>\n\n\n\n<p>Lieu : Yonne &amp; C\u00f4te d&rsquo;Or<\/p>\n<\/div>\n\n\n\n<div class=\"wp-block-column\" style=\"flex-basis:66.66%\">\n<figure class=\"wp-block-image size-medium\"><img loading=\"lazy\" width=\"300\" height=\"300\" src=\"https:\/\/ledorga.fr\/wp-content\/uploads\/2020\/08\/MD4-300x300.png\" alt=\"\" class=\"wp-image-225\" srcset=\"https:\/\/ledorga.fr\/wp-content\/uploads\/2020\/08\/MD4-300x300.png 300w, https:\/\/ledorga.fr\/wp-content\/uploads\/2020\/08\/MD4-1024x1024.png 1024w, https:\/\/ledorga.fr\/wp-content\/uploads\/2020\/08\/MD4-150x150.png 150w, https:\/\/ledorga.fr\/wp-content\/uploads\/2020\/08\/MD4-768x768.png 768w, https:\/\/ledorga.fr\/wp-content\/uploads\/2020\/08\/MD4-1536x1536.png 1536w, https:\/\/ledorga.fr\/wp-content\/uploads\/2020\/08\/MD4-2048x2048.png 2048w\" sizes=\"(max-width: 300px) 100vw, 300px\" \/><\/figure>\n<\/div>\n<\/div>\n\n\n\n<h2 class=\"has-text-align-center\">2008<\/h2>\n\n\n\n<div class=\"wp-block-columns\">\n<div class=\"wp-block-column\" style=\"flex-basis:66.66%\">\n<figure class=\"wp-block-image size-large\"><img loading=\"lazy\" width=\"600\" height=\"170\" src=\"http:\/\/ledorga.fr\/wp-content\/uploads\/2020\/08\/RT2008qm.bmp\" alt=\"\" class=\"wp-image-209\" srcset=\"https:\/\/ledorga.fr\/wp-content\/uploads\/2020\/08\/RT2008qm.bmp 600w, https:\/\/ledorga.fr\/wp-content\/uploads\/2020\/08\/RT2008qm-300x85.jpg 300w\" sizes=\"(max-width: 600px) 100vw, 600px\" \/><\/figure>\n\n\n\n<p><\/p>\n<\/div>\n\n\n\n<div class=\"wp-block-column is-vertically-aligned-center\" style=\"flex-basis:33.33%\">\n<p>Date : Du 11 au 18 Oct. 2008<\/p>\n\n\n\n<p>Lieu : Ille et Vilaine &amp; Morbihan<\/p>\n<\/div>\n<\/div>\n\n\n\n<h2 class=\"has-text-align-center\">2006<\/h2>\n\n\n\n<div class=\"wp-block-columns\">\n<div class=\"wp-block-column is-vertically-aligned-center\" style=\"flex-basis:33.33%\">\n<p>Date : Du 7 au 14 Oct. 2006<\/p>\n\n\n\n<p>Lieu : Loire et Cher &amp; Maine et Loire<\/p>\n<\/div>\n\n\n\n<div class=\"wp-block-column\" style=\"flex-basis:66.66%\">\n<figure class=\"wp-block-image size-large\"><img loading=\"lazy\" width=\"600\" height=\"170\" src=\"http:\/\/ledorga.fr\/wp-content\/uploads\/2020\/08\/RT2006chateau_chambord.bmp\" alt=\"\" class=\"wp-image-210\" srcset=\"https:\/\/ledorga.fr\/wp-content\/uploads\/2020\/08\/RT2006chateau_chambord.bmp 600w, https:\/\/ledorga.fr\/wp-content\/uploads\/2020\/08\/RT2006chateau_chambord-300x85.jpg 300w\" sizes=\"(max-width: 600px) 100vw, 600px\" \/><\/figure>\n<\/div>\n<\/div>\n\n\n\n<h2 class=\"has-text-align-center\">2004<\/h2>\n\n\n\n<div class=\"wp-block-columns\">\n<div class=\"wp-block-column\" style=\"flex-basis:66.66%\">\n<figure class=\"wp-block-image size-large\"><img loading=\"lazy\" width=\"600\" height=\"170\" src=\"http:\/\/ledorga.fr\/wp-content\/uploads\/2020\/08\/RT2004haut_koenigsbourg.bmp\" alt=\"\" class=\"wp-image-211\" srcset=\"https:\/\/ledorga.fr\/wp-content\/uploads\/2020\/08\/RT2004haut_koenigsbourg.bmp 600w, https:\/\/ledorga.fr\/wp-content\/uploads\/2020\/08\/RT2004haut_koenigsbourg-300x85.jpg 300w\" sizes=\"(max-width: 600px) 100vw, 600px\" \/><\/figure>\n<\/div>\n\n\n\n<div class=\"wp-block-column\" style=\"flex-basis:33.33%\">\n<p>Date : Du 9 au 16 Oct. 2004<\/p>\n\n\n\n<p>Lieu : Doubs &amp; Alsace<\/p>\n<\/div>\n<\/div>\n\n\n\n<h2 class=\"has-text-align-center\">2002<\/h2>\n\n\n\n<div class=\"wp-block-columns\">\n<div class=\"wp-block-column\" style=\"flex-basis:33.33%\">\n<p>Date : Du 12 au 17 Oct. 2002<\/p>\n\n\n\n<p>Lieu : Eure et Loir &amp; Sarthe<\/p>\n<\/div>\n\n\n\n<div class=\"wp-block-column\" style=\"flex-basis:66.66%\">\n<figure class=\"wp-block-image size-large\"><img loading=\"lazy\" width=\"600\" height=\"170\" src=\"http:\/\/ledorga.fr\/wp-content\/uploads\/2020\/08\/RT2002cathedrale_chartres.bmp\" alt=\"\" class=\"wp-image-212\" srcset=\"https:\/\/ledorga.fr\/wp-content\/uploads\/2020\/08\/RT2002cathedrale_chartres.bmp 600w, https:\/\/ledorga.fr\/wp-content\/uploads\/2020\/08\/RT2002cathedrale_chartres-300x85.jpg 300w\" sizes=\"(max-width: 600px) 100vw, 600px\" \/><\/figure>\n<\/div>\n<\/div>\n","protected":false},"excerpt":{"rendered":"<p class=\"mb-2\">Le mois d\u2019octobre est souvent une p\u00e9riode plus calme pour les activit\u00e9s li\u00e9es \u00e0 l\u2019automobile ancienne, et c\u2019est pour cela que nous profitons de ce moment pour nous retrouver dans une r\u00e9gion de France diff\u00e9rente \u00e0 chaque fois. La rencontre \u00e9tant plus longue dans le temps, cela permet de d\u00e9couvrir de mani\u00e8re plus approfondie une [&hellip;]<\/p>\n","protected":false},"author":1,"featured_media":0,"parent":0,"menu_order":0,"comment_status":"closed","ping_status":"closed","template":"","meta":[],"_links":{"self":[{"href":"https:\/\/ledorga.fr\/index.php?rest_route=\/wp\/v2\/pages\/166"}],"collection":[{"href":"https:\/\/ledorga.fr\/index.php?rest_route=\/wp\/v2\/pages"}],"about":[{"href":"https:\/\/ledorga.fr\/index.php?rest_route=\/wp\/v2\/types\/page"}],"author":[{"embeddable":true,"href":"https:\/\/ledorga.fr\/index.php?rest_route=\/wp\/v2\/users\/1"}],"replies":[{"embeddable":true,"href":"https:\/\/ledorga.fr\/index.php?rest_route=%2Fwp%2Fv2%2Fcomments&post=166"}],"version-history":[{"count":22,"href":"https:\/\/ledorga.fr\/index.php?rest_route=\/wp\/v2\/pages\/166\/revisions"}],"predecessor-version":[{"id":2376,"href":"https:\/\/ledorga.fr\/index.php?rest_route=\/wp\/v2\/pages\/166\/revisions\/2376"}],"wp:attachment":[{"href":"https:\/\/ledorga.fr\/index.php?rest_route=%2Fwp%2Fv2%2Fmedia&parent=166"}],"curies":[{"name":"wp","href":"https:\/\/api.w.org\/{rel}","templated":true}]}}