{"id":168,"date":"2020-08-20T18:37:36","date_gmt":"2020-08-20T16:37:36","guid":{"rendered":"http:\/\/ledorga.fr\/?page_id=168"},"modified":"2025-11-09T16:51:00","modified_gmt":"2025-11-09T15:51:00","slug":"sweet-trip","status":"publish","type":"page","link":"https:\/\/ledorga.fr\/?page_id=168","title":{"rendered":"L&rsquo;historique des Sweet Trip"},"content":{"rendered":"\n<div class=\"wp-block-image\"><figure class=\"alignleft size-medium\"><img loading=\"lazy\" width=\"300\" height=\"300\" src=\"http:\/\/ledorga.fr\/wp-content\/uploads\/2020\/08\/20190104-DDT-edited-300x300.png\" alt=\"\" class=\"wp-image-267\" srcset=\"https:\/\/ledorga.fr\/wp-content\/uploads\/2020\/08\/20190104-DDT-edited-300x300.png 300w, https:\/\/ledorga.fr\/wp-content\/uploads\/2020\/08\/20190104-DDT-edited-1024x1024.png 1024w, https:\/\/ledorga.fr\/wp-content\/uploads\/2020\/08\/20190104-DDT-edited-150x150.png 150w, https:\/\/ledorga.fr\/wp-content\/uploads\/2020\/08\/20190104-DDT-edited-768x767.png 768w, https:\/\/ledorga.fr\/wp-content\/uploads\/2020\/08\/20190104-DDT-edited-1536x1534.png 1536w, https:\/\/ledorga.fr\/wp-content\/uploads\/2020\/08\/20190104-DDT-edited-2048x2046.png 2048w\" sizes=\"(max-width: 300px) 100vw, 300px\" \/><\/figure><\/div>\n\n\n\n<p>Depuis 2013, Sweet Trip est organis\u00e9 depuis 2013 par Ledorga tous les ans durant le week-end de P\u00e2ques. Le but de cet \u00e9v\u00e9nement est de d\u00e9couvrir tranquillement une r\u00e9gion de France, \u00e0 son rythme et calmement. Durant le week-end, pas de concours d\u2019\u00e9l\u00e9gance ou de jeux, simplement de belles promenades dans la campagne sur des charmantes routes.<\/p>\n\n\n\n<p>La culture n\u2019est pas n\u00e9glig\u00e9e, et bien sur la promenade est ponctu\u00e9e d\u2019arr\u00eat pour d\u00e9couvrir un village pittoresque, un monument remarquable, un joli point de vue sur la r\u00e9gion, une demeure ou monument historique. Bien s\u00fbr, les sp\u00e9cialit\u00e9s culinaires de la r\u00e9gion de destination telle que vins ou fromages ne sont pas oubli\u00e9s.<\/p>\n\n\n\n<p>Le slogan de ce week-end est\u00a0: d\u00e9couvrir la France tranquillement, en se promenant dans sa voiture de collection et profiter des bons moments.<\/p>\n\n\n\n<p class=\"has-white-color has-text-color\">_<\/p>\n\n\n\n<p class=\"has-white-color has-text-color\">_<\/p>\n\n\n\n<p class=\"has-white-color has-text-color\">_<\/p>\n\n\n\n<p class=\"has-white-color has-text-color\">_<\/p>\n\n\n\n<hr class=\"wp-block-separator is-style-wide\"\/>\n\n\n\n<h2 class=\"has-text-align-center\">2025<\/h2>\n\n\n\n<div class=\"wp-block-columns\">\n<div class=\"wp-block-column\" style=\"flex-basis:50%\">\n<div class=\"wp-block-image\"><figure class=\"alignright size-medium\"><img loading=\"lazy\" width=\"300\" height=\"153\" src=\"https:\/\/ledorga.fr\/wp-content\/uploads\/2025\/11\/bandeau_ST2025-300x153.jpg\" alt=\"\" class=\"wp-image-2292\" srcset=\"https:\/\/ledorga.fr\/wp-content\/uploads\/2025\/11\/bandeau_ST2025-300x153.jpg 300w, https:\/\/ledorga.fr\/wp-content\/uploads\/2025\/11\/bandeau_ST2025.jpg 731w\" sizes=\"(max-width: 300px) 100vw, 300px\" \/><\/figure><\/div>\n<\/div>\n\n\n\n<div class=\"wp-block-column is-vertically-aligned-center\" style=\"flex-basis:50%\">\n<p>Date : Du 25 au 28 Avril 2025<\/p>\n\n\n\n<p>Lieu : Nancy<\/p>\n<\/div>\n<\/div>\n\n\n\n<h2 class=\"has-text-align-center\">2024<\/h2>\n\n\n\n<div class=\"wp-block-columns\">\n<div class=\"wp-block-column is-vertically-aligned-center\" style=\"flex-basis:50%\">\n<p class=\"has-text-align-right\">Date : Du 19 au 22 Avril 2024<\/p>\n\n\n\n<p class=\"has-text-align-right\">Lieu : Rouen<\/p>\n<\/div>\n\n\n\n<div class=\"wp-block-column\" style=\"flex-basis:50%\">\n<figure class=\"wp-block-image size-medium\"><img loading=\"lazy\" width=\"300\" height=\"215\" src=\"https:\/\/ledorga.fr\/wp-content\/uploads\/2023\/09\/bandeau_ST2024-300x215.jpg\" alt=\"\" class=\"wp-image-1524\" srcset=\"https:\/\/ledorga.fr\/wp-content\/uploads\/2023\/09\/bandeau_ST2024-300x215.jpg 300w, https:\/\/ledorga.fr\/wp-content\/uploads\/2023\/09\/bandeau_ST2024.jpg 717w\" sizes=\"(max-width: 300px) 100vw, 300px\" \/><\/figure>\n<\/div>\n<\/div>\n\n\n\n<h2 class=\"has-text-align-center\">2023<\/h2>\n\n\n\n<div class=\"wp-block-columns\">\n<div class=\"wp-block-column\" style=\"flex-basis:50%\">\n<div class=\"wp-block-image\"><figure class=\"alignright size-medium\"><img loading=\"lazy\" width=\"300\" height=\"200\" src=\"https:\/\/ledorga.fr\/wp-content\/uploads\/2022\/09\/bandeau_st2023-300x200.jpg\" alt=\"\" class=\"wp-image-1041\" srcset=\"https:\/\/ledorga.fr\/wp-content\/uploads\/2022\/09\/bandeau_st2023-300x200.jpg 300w, https:\/\/ledorga.fr\/wp-content\/uploads\/2022\/09\/bandeau_st2023.jpg 589w\" sizes=\"(max-width: 300px) 100vw, 300px\" \/><\/figure><\/div>\n<\/div>\n\n\n\n<div class=\"wp-block-column is-vertically-aligned-center\" style=\"flex-basis:50%\">\n<p>Date : Du  21 au 24 Avril 2023<\/p>\n\n\n\n<p>Lieu : Valenciennes<\/p>\n<\/div>\n<\/div>\n\n\n\n<h2 class=\"has-text-align-center\">2022<\/h2>\n\n\n\n<div class=\"wp-block-columns\">\n<div class=\"wp-block-column is-vertically-aligned-center\" style=\"flex-basis:50%\">\n<p class=\"has-text-align-right\">Date : Du 15 au 18  Avril 2022<\/p>\n\n\n\n<p class=\"has-text-align-right\">Lieu : Auxerre<\/p>\n<\/div>\n\n\n\n<div class=\"wp-block-column\" style=\"flex-basis:50%\">\n<figure class=\"wp-block-image size-medium\"><img loading=\"lazy\" width=\"300\" height=\"200\" src=\"https:\/\/ledorga.fr\/wp-content\/uploads\/2021\/09\/bandeauST2022-300x200.jpg\" alt=\"\" class=\"wp-image-730\" srcset=\"https:\/\/ledorga.fr\/wp-content\/uploads\/2021\/09\/bandeauST2022-300x200.jpg 300w, https:\/\/ledorga.fr\/wp-content\/uploads\/2021\/09\/bandeauST2022-768x513.jpg 768w, https:\/\/ledorga.fr\/wp-content\/uploads\/2021\/09\/bandeauST2022.jpg 797w\" sizes=\"(max-width: 300px) 100vw, 300px\" \/><\/figure>\n<\/div>\n<\/div>\n\n\n\n<h2 class=\"has-text-align-center\">2019<\/h2>\n\n\n\n<div class=\"wp-block-columns\">\n<div class=\"wp-block-column\" style=\"flex-basis:50%\">\n<div class=\"wp-block-image\"><figure class=\"alignright size-medium\"><img loading=\"lazy\" width=\"300\" height=\"174\" src=\"https:\/\/ledorga.fr\/wp-content\/uploads\/2020\/08\/ST2019-300x174.jpg\" alt=\"\" class=\"wp-image-73\" srcset=\"https:\/\/ledorga.fr\/wp-content\/uploads\/2020\/08\/ST2019-300x174.jpg 300w, https:\/\/ledorga.fr\/wp-content\/uploads\/2020\/08\/ST2019.jpg 604w\" sizes=\"(max-width: 300px) 100vw, 300px\" \/><\/figure><\/div>\n<\/div>\n\n\n\n<div class=\"wp-block-column is-vertically-aligned-center\" style=\"flex-basis:50%\">\n<p>Date : Du 26 au 29 Avril 2019<\/p>\n\n\n\n<p>Lieu : Le Mans<\/p>\n<\/div>\n<\/div>\n\n\n\n<h2 class=\"has-text-align-center\">2018<\/h2>\n\n\n\n<div class=\"wp-block-columns\">\n<div class=\"wp-block-column is-vertically-aligned-center\" style=\"flex-basis:50%\">\n<p class=\"has-text-align-right\">Date : Du 30 Mars au 2 Avril 2018<\/p>\n\n\n\n<p class=\"has-text-align-right\">Lieu : Compi\u00e8gne<\/p>\n<\/div>\n\n\n\n<div class=\"wp-block-column\" style=\"flex-basis:50%\">\n<figure class=\"wp-block-image size-medium\"><img loading=\"lazy\" width=\"300\" height=\"189\" src=\"https:\/\/ledorga.fr\/wp-content\/uploads\/2020\/08\/ST2018-300x189.jpg\" alt=\"\" class=\"wp-image-79\" srcset=\"https:\/\/ledorga.fr\/wp-content\/uploads\/2020\/08\/ST2018-300x189.jpg 300w, https:\/\/ledorga.fr\/wp-content\/uploads\/2020\/08\/ST2018.jpg 570w\" sizes=\"(max-width: 300px) 100vw, 300px\" \/><\/figure>\n<\/div>\n<\/div>\n\n\n\n<h2 class=\"has-text-align-center\">2017<\/h2>\n\n\n\n<div class=\"wp-block-columns\">\n<div class=\"wp-block-column\" style=\"flex-basis:50%\">\n<div class=\"wp-block-image\"><figure class=\"alignright size-medium\"><img loading=\"lazy\" width=\"300\" height=\"103\" src=\"https:\/\/ledorga.fr\/wp-content\/uploads\/2020\/08\/ST2017-300x103.jpg\" alt=\"\" class=\"wp-image-81\" srcset=\"https:\/\/ledorga.fr\/wp-content\/uploads\/2020\/08\/ST2017-300x103.jpg 300w, https:\/\/ledorga.fr\/wp-content\/uploads\/2020\/08\/ST2017-546x188.jpg 546w, https:\/\/ledorga.fr\/wp-content\/uploads\/2020\/08\/ST2017.jpg 548w\" sizes=\"(max-width: 300px) 100vw, 300px\" \/><\/figure><\/div>\n\n\n\n<p><\/p>\n<\/div>\n\n\n\n<div class=\"wp-block-column is-vertically-aligned-center\" style=\"flex-basis:50%\">\n<p>Date : Du 14 au 17 Avril 2017<\/p>\n\n\n\n<p>Lieu : Orl\u00e9ans <\/p>\n<\/div>\n<\/div>\n\n\n\n<h2 class=\"has-text-align-center\">2016<\/h2>\n\n\n\n<div class=\"wp-block-columns\">\n<div class=\"wp-block-column is-vertically-aligned-center\" style=\"flex-basis:50%\">\n<p class=\"has-text-align-right\">Date : Du 25 au 28 Mars 2016<\/p>\n\n\n\n<p class=\"has-text-align-right\">Lieu : Reims<\/p>\n<\/div>\n\n\n\n<div class=\"wp-block-column\" style=\"flex-basis:50%\">\n<figure class=\"wp-block-image size-medium\"><img loading=\"lazy\" width=\"300\" height=\"188\" src=\"https:\/\/ledorga.fr\/wp-content\/uploads\/2020\/08\/page-site-ledorga-300x188.jpg\" alt=\"\" class=\"wp-image-133\" srcset=\"https:\/\/ledorga.fr\/wp-content\/uploads\/2020\/08\/page-site-ledorga-300x188.jpg 300w, https:\/\/ledorga.fr\/wp-content\/uploads\/2020\/08\/page-site-ledorga.jpg 539w\" sizes=\"(max-width: 300px) 100vw, 300px\" \/><\/figure>\n<\/div>\n<\/div>\n\n\n\n<h2 class=\"has-text-align-center\">2015<\/h2>\n\n\n\n<div class=\"wp-block-columns\">\n<div class=\"wp-block-column\" style=\"flex-basis:50%\">\n<div class=\"wp-block-image\"><figure class=\"alignright size-medium\"><img loading=\"lazy\" width=\"300\" height=\"183\" src=\"https:\/\/ledorga.fr\/wp-content\/uploads\/2020\/08\/pointe-hoc-site-ledorga-300x183.jpg\" alt=\"\" class=\"wp-image-135\" srcset=\"https:\/\/ledorga.fr\/wp-content\/uploads\/2020\/08\/pointe-hoc-site-ledorga-300x183.jpg 300w, https:\/\/ledorga.fr\/wp-content\/uploads\/2020\/08\/pointe-hoc-site-ledorga.jpg 537w\" sizes=\"(max-width: 300px) 100vw, 300px\" \/><\/figure><\/div>\n<\/div>\n\n\n\n<div class=\"wp-block-column is-vertically-aligned-center\" style=\"flex-basis:50%\">\n<p>Date : Du 3 au 6 Ao\u00fbt 2014<\/p>\n\n\n\n<p>Lieu : Caen <\/p>\n<\/div>\n<\/div>\n\n\n\n<h2 class=\"has-text-align-center\">2014<\/h2>\n\n\n\n<div class=\"wp-block-columns\">\n<div class=\"wp-block-column is-vertically-aligned-center\" style=\"flex-basis:50%\">\n<p class=\"has-text-align-right\">Date : Du 18 au 21 Avril 2014<\/p>\n\n\n\n<p class=\"has-text-align-right\">Lieu : Chartes<\/p>\n<\/div>\n\n\n\n<div class=\"wp-block-column\" style=\"flex-basis:50%\">\n<figure class=\"wp-block-image size-medium\"><img loading=\"lazy\" width=\"300\" height=\"186\" src=\"https:\/\/ledorga.fr\/wp-content\/uploads\/2020\/08\/cathedrale_site_ledorga-300x186.jpg\" alt=\"\" class=\"wp-image-136\" srcset=\"https:\/\/ledorga.fr\/wp-content\/uploads\/2020\/08\/cathedrale_site_ledorga-300x186.jpg 300w, https:\/\/ledorga.fr\/wp-content\/uploads\/2020\/08\/cathedrale_site_ledorga.jpg 531w\" sizes=\"(max-width: 300px) 100vw, 300px\" \/><\/figure>\n<\/div>\n<\/div>\n\n\n\n<h2 class=\"has-text-align-center\">2013<\/h2>\n\n\n\n<div class=\"wp-block-columns\">\n<div class=\"wp-block-column\" style=\"flex-basis:50%\">\n<div class=\"wp-block-image\"><figure class=\"alignright size-medium\"><img loading=\"lazy\" width=\"300\" height=\"176\" src=\"https:\/\/ledorga.fr\/wp-content\/uploads\/2020\/08\/chateau_malbrouck_page_accueil-300x176.jpg\" alt=\"\" class=\"wp-image-132\" srcset=\"https:\/\/ledorga.fr\/wp-content\/uploads\/2020\/08\/chateau_malbrouck_page_accueil-300x176.jpg 300w, https:\/\/ledorga.fr\/wp-content\/uploads\/2020\/08\/chateau_malbrouck_page_accueil.jpg 547w\" sizes=\"(max-width: 300px) 100vw, 300px\" \/><\/figure><\/div>\n<\/div>\n\n\n\n<div class=\"wp-block-column is-vertically-aligned-center\" style=\"flex-basis:50%\">\n<p>Date : Du 29 au 31 Mars 2013<\/p>\n\n\n\n<p>Lieu : Metz <\/p>\n<\/div>\n<\/div>\n","protected":false},"excerpt":{"rendered":"<p class=\"mb-2\">Depuis 2013, Sweet Trip est organis\u00e9 depuis 2013 par Ledorga tous les ans durant le week-end de P\u00e2ques. Le but de cet \u00e9v\u00e9nement est de d\u00e9couvrir tranquillement une r\u00e9gion de France, \u00e0 son rythme et calmement. Durant le week-end, pas de concours d\u2019\u00e9l\u00e9gance ou de jeux, simplement de belles promenades dans la campagne sur des [&hellip;]<\/p>\n","protected":false},"author":1,"featured_media":0,"parent":0,"menu_order":0,"comment_status":"closed","ping_status":"closed","template":"","meta":[],"_links":{"self":[{"href":"https:\/\/ledorga.fr\/index.php?rest_route=\/wp\/v2\/pages\/168"}],"collection":[{"href":"https:\/\/ledorga.fr\/index.php?rest_route=\/wp\/v2\/pages"}],"about":[{"href":"https:\/\/ledorga.fr\/index.php?rest_route=\/wp\/v2\/types\/page"}],"author":[{"embeddable":true,"href":"https:\/\/ledorga.fr\/index.php?rest_route=\/wp\/v2\/users\/1"}],"replies":[{"embeddable":true,"href":"https:\/\/ledorga.fr\/index.php?rest_route=%2Fwp%2Fv2%2Fcomments&post=168"}],"version-history":[{"count":25,"href":"https:\/\/ledorga.fr\/index.php?rest_route=\/wp\/v2\/pages\/168\/revisions"}],"predecessor-version":[{"id":2370,"href":"https:\/\/ledorga.fr\/index.php?rest_route=\/wp\/v2\/pages\/168\/revisions\/2370"}],"wp:attachment":[{"href":"https:\/\/ledorga.fr\/index.php?rest_route=%2Fwp%2Fv2%2Fmedia&parent=168"}],"curies":[{"name":"wp","href":"https:\/\/api.w.org\/{rel}","templated":true}]}}