{"id":170,"date":"2020-08-20T18:40:58","date_gmt":"2020-08-20T16:40:58","guid":{"rendered":"http:\/\/ledorga.fr\/?page_id=170"},"modified":"2020-08-23T13:15:48","modified_gmt":"2020-08-23T11:15:48","slug":"elegance-cruise","status":"publish","type":"page","link":"https:\/\/ledorga.fr\/?page_id=170","title":{"rendered":"L&rsquo;historique des Elegance Cruise"},"content":{"rendered":"\n<div class=\"wp-block-image\"><figure class=\"alignleft size-large is-resized\"><img src=\"http:\/\/ledorga.fr\/wp-content\/uploads\/2020\/08\/MD3-1024x1024.png\" alt=\"\" class=\"wp-image-224\" width=\"300\" srcset=\"https:\/\/ledorga.fr\/wp-content\/uploads\/2020\/08\/MD3-1024x1024.png 1024w, https:\/\/ledorga.fr\/wp-content\/uploads\/2020\/08\/MD3-300x300.png 300w, https:\/\/ledorga.fr\/wp-content\/uploads\/2020\/08\/MD3-150x150.png 150w, https:\/\/ledorga.fr\/wp-content\/uploads\/2020\/08\/MD3-768x768.png 768w, https:\/\/ledorga.fr\/wp-content\/uploads\/2020\/08\/MD3-1536x1536.png 1536w, https:\/\/ledorga.fr\/wp-content\/uploads\/2020\/08\/MD3-2048x2048.png 2048w\" sizes=\"(max-width: 1024px) 100vw, 1024px\" \/><\/figure><\/div>\n\n\n\n<p>De 1999 \u00e0 2011, se sont d\u00e9roul\u00e9s tous les 2 ans les ELEGANCE CRUISE. Il s\u2019agissait de promenades touristique pour gays r\u00e9serv\u00e9 aux v\u00e9hicules de collections ou d&rsquo;exceptions. Les participants \u00e9taient invit\u00e9s \u00e0 d\u00e9couvrir une nouvelle r\u00e9gion de France, pendant le week-end de P\u00e2ques en alternance avec le HAPPY WAY.<\/p>\n\n\n\n<p>Les participants d\u00e9couvraient \u00e0 leur rythme les petites routes cach\u00e9s ou remarquables. Chacune des sorties \u00e9tait ponctu\u00e9e de visites de monuments historiques telles que ch\u00e2teaux, mus\u00e9es ou de sites plus remarquables comme des caves ou des activit\u00e9s li\u00e9es \u00e0 la gastronomie. Le grand moment du week-end \u00e9tait la pr\u00e9sentation des sketchs pr\u00e9par\u00e9s par les participants. Chacun \u00e9tait invit\u00e9 \u00e0 pr\u00e9senter son v\u00e9hicule en costume ou alors \u00e0 faire une pr\u00e9sentation sympathique des v\u00e9hicules et personnes. Le succ\u00e8s \u00e9tait garanti et une ambiance sympathique \u00e9tait de mise en participant au concours d\u2019\u00e9l\u00e9gance.<\/p>\n\n\n\n<p>En sept ELEGANCE CRUISE, les participants ont entre autre fait halte \u00e0 Reims, Chantilly, Rouen, Lille, Troyes etc\u2026. et sont revenus avec beaucoup de souvenirs en m\u00e9moire de leurs escapades&nbsp;!<\/p>\n\n\n\n<hr class=\"wp-block-separator is-style-wide\"\/>\n\n\n\n<h2 class=\"has-text-align-center\">Elegance Cruise 2011 :<\/h2>\n\n\n\n<p>Du 22 au 25 Avril 2011<\/p>\n\n\n\n<p>Lieu : Lille et sa r\u00e9gion<\/p>\n\n\n\n<p>Programme : l\u2019Elegance Cruise 2011 est un rassemblement pour gays amateurs de v\u00e9hicules anciens ou d\u2019exceptions. Nous nous retrouverons du 22 au 25 avril 2011 dans la r\u00e9gion de Lille.<\/p>\n","protected":false},"excerpt":{"rendered":"<p class=\"mb-2\">De 1999 \u00e0 2011, se sont d\u00e9roul\u00e9s tous les 2 ans les ELEGANCE CRUISE. Il s\u2019agissait de promenades touristique pour gays r\u00e9serv\u00e9 aux v\u00e9hicules de collections ou d&rsquo;exceptions. Les participants \u00e9taient invit\u00e9s \u00e0 d\u00e9couvrir une nouvelle r\u00e9gion de France, pendant le week-end de P\u00e2ques en alternance avec le HAPPY WAY. Les participants d\u00e9couvraient \u00e0 leur [&hellip;]<\/p>\n","protected":false},"author":1,"featured_media":0,"parent":0,"menu_order":0,"comment_status":"closed","ping_status":"closed","template":"","meta":[],"_links":{"self":[{"href":"https:\/\/ledorga.fr\/index.php?rest_route=\/wp\/v2\/pages\/170"}],"collection":[{"href":"https:\/\/ledorga.fr\/index.php?rest_route=\/wp\/v2\/pages"}],"about":[{"href":"https:\/\/ledorga.fr\/index.php?rest_route=\/wp\/v2\/types\/page"}],"author":[{"embeddable":true,"href":"https:\/\/ledorga.fr\/index.php?rest_route=\/wp\/v2\/users\/1"}],"replies":[{"embeddable":true,"href":"https:\/\/ledorga.fr\/index.php?rest_route=%2Fwp%2Fv2%2Fcomments&post=170"}],"version-history":[{"count":3,"href":"https:\/\/ledorga.fr\/index.php?rest_route=\/wp\/v2\/pages\/170\/revisions"}],"predecessor-version":[{"id":253,"href":"https:\/\/ledorga.fr\/index.php?rest_route=\/wp\/v2\/pages\/170\/revisions\/253"}],"wp:attachment":[{"href":"https:\/\/ledorga.fr\/index.php?rest_route=%2Fwp%2Fv2%2Fmedia&parent=170"}],"curies":[{"name":"wp","href":"https:\/\/api.w.org\/{rel}","templated":true}]}}