{"id":172,"date":"2020-08-20T18:42:30","date_gmt":"2020-08-20T16:42:30","guid":{"rendered":"http:\/\/ledorga.fr\/?page_id=172"},"modified":"2020-08-23T13:16:50","modified_gmt":"2020-08-23T11:16:50","slug":"happy-way","status":"publish","type":"page","link":"https:\/\/ledorga.fr\/?page_id=172","title":{"rendered":"L&rsquo;historique des Happy Way"},"content":{"rendered":"\n<div class=\"wp-block-image\"><figure class=\"alignleft size-large is-resized\"><img src=\"http:\/\/ledorga.fr\/wp-content\/uploads\/2020\/08\/MD4-1024x1024.png\" alt=\"\" class=\"wp-image-225\" width=\"300\" srcset=\"https:\/\/ledorga.fr\/wp-content\/uploads\/2020\/08\/MD4-1024x1024.png 1024w, https:\/\/ledorga.fr\/wp-content\/uploads\/2020\/08\/MD4-300x300.png 300w, https:\/\/ledorga.fr\/wp-content\/uploads\/2020\/08\/MD4-150x150.png 150w, https:\/\/ledorga.fr\/wp-content\/uploads\/2020\/08\/MD4-768x768.png 768w, https:\/\/ledorga.fr\/wp-content\/uploads\/2020\/08\/MD4-1536x1536.png 1536w, https:\/\/ledorga.fr\/wp-content\/uploads\/2020\/08\/MD4-2048x2048.png 2048w\" sizes=\"(max-width: 1024px) 100vw, 1024px\" \/><\/figure><\/div>\n\n\n\n<p>De 1996 \u00e0 2012, se sont d\u00e9roul\u00e9s tous les 2 ans les HAPPY WAY. Il s\u2019agissait de rallye touristique pour gay r\u00e9serv\u00e9 aux v\u00e9hicules de collections ou d&rsquo;exceptions. Les participants \u00e9taient invit\u00e9s \u00e0 d\u00e9couvrir une nouvelle r\u00e9gion de France, pendant le week-end de P\u00e2ques en alternance avec ELEGANCE CRUISE.<\/p>\n\n\n\n<p>Les parcours \u00e9taient ponctu\u00e9s de jeux, \u00e9nigmes ou quizz \u00e0 r\u00e9soudre par les \u00e9quipages compos\u00e9s par chacune des voitures participantes. Chacune des sorties \u00e9tait ponctu\u00e9e de visites de monuments historiques telles que ch\u00e2teaux, mus\u00e9es ou de sites plus remarquables comme des caves de champagne ou une centrale nucl\u00e9aire. Parfois, une activit\u00e9 plus ludique \u00e9tait propos\u00e9e telle qu&rsquo;un bapt\u00eame de l&rsquo;air en h\u00e9licopt\u00e8re ou une course de karting.<\/p>\n\n\n\n<p>En neuf HAPPY WAY, les participants ont entre autre fait halte \u00e0 Compi\u00e8gne, Amiens, Gournay en Bray, Valenciennes, etc\u2026. et sont revenus avec beaucoup de souvenirs en m\u00e9moire de leurs escapades&nbsp;!<\/p>\n\n\n\n<hr class=\"wp-block-separator is-style-wide\"\/>\n\n\n\n<h2 class=\"has-text-align-center\">Happy Way 2012 :<\/h2>\n\n\n\n<p>Du 6 au 9 Avril 2012<\/p>\n\n\n\n<p>Lieu: le Parc du Vexin Fran\u00e7ais<\/p>\n\n\n\n<p>Programme : pour P\u00e2ques 2012, retrouvez nous pour un grand week-end dans la parc naturel du Vexin fran\u00e7ais du 6 au 9 avril 2012<\/p>\n","protected":false},"excerpt":{"rendered":"<p class=\"mb-2\">De 1996 \u00e0 2012, se sont d\u00e9roul\u00e9s tous les 2 ans les HAPPY WAY. Il s\u2019agissait de rallye touristique pour gay r\u00e9serv\u00e9 aux v\u00e9hicules de collections ou d&rsquo;exceptions. Les participants \u00e9taient invit\u00e9s \u00e0 d\u00e9couvrir une nouvelle r\u00e9gion de France, pendant le week-end de P\u00e2ques en alternance avec ELEGANCE CRUISE. Les parcours \u00e9taient ponctu\u00e9s de jeux, [&hellip;]<\/p>\n","protected":false},"author":1,"featured_media":0,"parent":0,"menu_order":0,"comment_status":"closed","ping_status":"closed","template":"","meta":[],"_links":{"self":[{"href":"https:\/\/ledorga.fr\/index.php?rest_route=\/wp\/v2\/pages\/172"}],"collection":[{"href":"https:\/\/ledorga.fr\/index.php?rest_route=\/wp\/v2\/pages"}],"about":[{"href":"https:\/\/ledorga.fr\/index.php?rest_route=\/wp\/v2\/types\/page"}],"author":[{"embeddable":true,"href":"https:\/\/ledorga.fr\/index.php?rest_route=\/wp\/v2\/users\/1"}],"replies":[{"embeddable":true,"href":"https:\/\/ledorga.fr\/index.php?rest_route=%2Fwp%2Fv2%2Fcomments&post=172"}],"version-history":[{"count":3,"href":"https:\/\/ledorga.fr\/index.php?rest_route=\/wp\/v2\/pages\/172\/revisions"}],"predecessor-version":[{"id":254,"href":"https:\/\/ledorga.fr\/index.php?rest_route=\/wp\/v2\/pages\/172\/revisions\/254"}],"wp:attachment":[{"href":"https:\/\/ledorga.fr\/index.php?rest_route=%2Fwp%2Fv2%2Fmedia&parent=172"}],"curies":[{"name":"wp","href":"https:\/\/api.w.org\/{rel}","templated":true}]}}