{"id":2231,"date":"2025-08-20T14:01:04","date_gmt":"2025-08-20T12:01:04","guid":{"rendered":"http:\/\/ledorga.fr\/?page_id=2231"},"modified":"2025-08-28T20:13:38","modified_gmt":"2025-08-28T18:13:38","slug":"12eme-sweet-trip","status":"publish","type":"page","link":"https:\/\/ledorga.fr\/?page_id=2231","title":{"rendered":"12\u00e8me SWEET TRIP"},"content":{"rendered":"\n<p><strong><strong>17-18-19-20 avril 2026<\/strong><\/strong><\/p>\n\n\n\n<div class=\"wp-block-columns\">\n<div class=\"wp-block-column\" style=\"flex-basis:33.33%\">\n<p>Lieux : D\u00e9partement du Nord<\/p>\n\n\n\n<figure class=\"wp-block-image size-large\"><img loading=\"lazy\" width=\"620\" height=\"369\" src=\"http:\/\/ledorga.fr\/wp-content\/uploads\/2021\/01\/complet.png\" alt=\"\" class=\"wp-image-401\" srcset=\"https:\/\/ledorga.fr\/wp-content\/uploads\/2021\/01\/complet.png 620w, https:\/\/ledorga.fr\/wp-content\/uploads\/2021\/01\/complet-300x179.png 300w\" sizes=\"(max-width: 620px) 100vw, 620px\" \/><\/figure>\n<\/div>\n\n\n\n<div class=\"wp-block-column\" style=\"flex-basis:66.66%\">\n<figure class=\"wp-block-image size-large\"><img loading=\"lazy\" width=\"848\" height=\"423\" src=\"https:\/\/ledorga.fr\/wp-content\/uploads\/2025\/08\/bandeau_ST2026.jpg\" alt=\"\" class=\"wp-image-2232\" srcset=\"https:\/\/ledorga.fr\/wp-content\/uploads\/2025\/08\/bandeau_ST2026.jpg 848w, https:\/\/ledorga.fr\/wp-content\/uploads\/2025\/08\/bandeau_ST2026-300x150.jpg 300w, https:\/\/ledorga.fr\/wp-content\/uploads\/2025\/08\/bandeau_ST2026-768x383.jpg 768w\" sizes=\"(max-width: 848px) 100vw, 848px\" \/><\/figure>\n<\/div>\n<\/div>\n\n\n\n<h4><strong>PRESENTATION<\/strong><\/h4>\n\n\n\n<figure class=\"wp-block-image size-large\"><img loading=\"lazy\" width=\"571\" height=\"558\" src=\"https:\/\/ledorga.fr\/wp-content\/uploads\/2025\/08\/carte-ST2026.jpg\" alt=\"\" class=\"wp-image-2233\" srcset=\"https:\/\/ledorga.fr\/wp-content\/uploads\/2025\/08\/carte-ST2026.jpg 571w, https:\/\/ledorga.fr\/wp-content\/uploads\/2025\/08\/carte-ST2026-300x293.jpg 300w\" sizes=\"(max-width: 571px) 100vw, 571px\" \/><\/figure>\n\n\n\n<p>J\u2019ai l\u2019honneur et le plaisir de vous pr\u00e9senter le rallye gay en automobile ancienne, le 12<sup>\u00e8me<\/sup> SWEET TRIP, qui aura lieu le week-end du 17 au 20 avril 2026, sous la direction de Dominique De Taverny.<\/p>\n\n\n\n<p>Pour 2026, le SWEET TRIP se d\u00e9roulera dans le d\u00e9partement du Nord &nbsp;autour de la ville de Lille. Ce d\u00e9partement de France se trouve \u00e0 environ 200 kilom\u00e8tres au nord de Paris. Pour ce SWEET TRIP, vous profiterez de votre week-end de d\u00e9tente avec des promenades, des routes sympathiques, des repas conviviaux et visiter le patrimoine. Bref le slogan de ce week-end est simple et reste le m\u00eame&nbsp;: venir, d\u00e9couvrir, profiter et se d\u00e9tendre avec votre voiture classique&nbsp;!<\/p>\n\n\n\n<p>Pour votre confort, le road book et le programme seront traduit en anglais et fran\u00e7ais. Il est important de noter que ce rallye est r\u00e9serv\u00e9 aux v\u00e9hicules anciens et de collections (soit plus de 25 ans) ou d&rsquo;exceptions (v\u00e9hicules rares produits \u00e0 peu d&rsquo;exemplaires).<\/p>\n\n\n\n<p>Je compte sur vous pour \u00eatre nombreux et je vous donne&nbsp; rendez vous le 17 avril 2026.<\/p>\n\n\n\n<p>Important ! A la r\u00e9ception de votre bulletin d&rsquo;inscription, vous recevrez un message personnel par e-mail de confirmation pour votre participation.<\/p>\n\n\n\n<h4><strong>HERBERGEMENT<\/strong><\/h4>\n\n\n\n<p>Pour les 3 nuits, vous dormirez \u00e0 l\u2019h\u00f4tel &nbsp;Holiday Inn Lille ouest Englos ****. Cet \u00e9tablissement est situ\u00e9 \u00e0 Englos, soit 5 kms \u00e0 l\u2019ouest du centre de Lille. Toutes les chambres spacieuses poss\u00e8dent la t\u00e9l\u00e9vision, le wifi et salle de bain avec douche ou baignoire. Cet h\u00f4tel poss\u00e8de un restaurant dans lequel nous prendrons nos repas le soir. \u00c9galement, le bar r\u00e9serv\u00e9 aux occupants de l\u2019h\u00f4tel restera ouvert en soir\u00e9e. Important&nbsp;: le parking de l\u2019h\u00f4tel est privatif et clos.<\/p>\n\n\n\n<p class=\"has-text-align-center\"><strong>HOLIDAY INN LILLE OUEST ENGLOS<\/strong><\/p>\n\n\n\n<p class=\"has-text-align-center\">Impasse de la Bertha<\/p>\n\n\n\n<p class=\"has-text-align-center\">59320 Englos<\/p>\n\n\n\n<p class=\"has-text-align-center\">T\u00e9l&nbsp;: + 33 (0)3 20 10 58 58<\/p>\n\n\n\n<p class=\"has-text-align-center\"><a href=\"mailto:reservations@hilille.com\">reservations@hillille.com<\/a><\/p>\n\n\n\n<h4><strong>PROGRAMME<\/strong><\/h4>\n\n\n\n<p>La rencontre d\u00e9butera le <strong>vendredi 17 avril 2026<\/strong> en fin d\u2019apr\u00e8s midi directement \u00e0 l\u2019h\u00f4tel Holiday Inn Lille ouest Englos. Chacun prendra sa chambre, puis ensuite le d\u00eener vous attendra. Pour la fin de soir\u00e9e, le bar de l\u2019h\u00f4tel sera ouvert.<\/p>\n\n\n\n<p>Le <strong>samedi 18 avril<\/strong>, direction le village de Comines en Belgique pour la visite du mus\u00e9e de la rubanerie. Le <em>Mus\u00e9e de la Rubanerie<\/em><strong> <\/strong>est un mus\u00e9e atypique pr\u00e9sentant des m\u00e9tiers \u00e0 tisser toujours fonctionnels. V\u00e9ritable atelier vivant, il est le seul \u00e0 proposer cette exp\u00e9rience en Belgique. Dans ce mus\u00e9e<strong>,<\/strong> vous pourrez admirer une collection d&rsquo;anciens m\u00e9tiers textiles, des chefs-d&rsquo;\u0153uvre dont les plus anciens datent de 1700. Vous y d\u00e9couvrirez \u00e9galement des vitrines exposant des collections de navettes, des \u00e9chantillons de rubans multicolores, des documents historiques ainsi que des instruments et machines servant \u00e0 la pr\u00e9paration et \u00e0 la finition du ruban.<\/p>\n\n\n\n<figure class=\"wp-block-gallery columns-3 is-cropped\"><ul class=\"blocks-gallery-grid\"><li class=\"blocks-gallery-item\"><figure><img loading=\"lazy\" width=\"1024\" height=\"768\" src=\"https:\/\/ledorga.fr\/wp-content\/uploads\/2025\/08\/musee_rubanerie1-1024x768.jpg\" alt=\"\" data-id=\"2244\" data-full-url=\"https:\/\/ledorga.fr\/wp-content\/uploads\/2025\/08\/musee_rubanerie1.jpg\" data-link=\"https:\/\/ledorga.fr\/?attachment_id=2244\" class=\"wp-image-2244\" srcset=\"https:\/\/ledorga.fr\/wp-content\/uploads\/2025\/08\/musee_rubanerie1-1024x768.jpg 1024w, https:\/\/ledorga.fr\/wp-content\/uploads\/2025\/08\/musee_rubanerie1-300x225.jpg 300w, https:\/\/ledorga.fr\/wp-content\/uploads\/2025\/08\/musee_rubanerie1-768x576.jpg 768w, https:\/\/ledorga.fr\/wp-content\/uploads\/2025\/08\/musee_rubanerie1-1536x1152.jpg 1536w, https:\/\/ledorga.fr\/wp-content\/uploads\/2025\/08\/musee_rubanerie1-546x409.jpg 546w, https:\/\/ledorga.fr\/wp-content\/uploads\/2025\/08\/musee_rubanerie1.jpg 1600w\" sizes=\"(max-width: 1024px) 100vw, 1024px\" \/><\/figure><\/li><li class=\"blocks-gallery-item\"><figure><img loading=\"lazy\" width=\"768\" height=\"1024\" src=\"https:\/\/ledorga.fr\/wp-content\/uploads\/2025\/08\/musee_rubanerie2-768x1024.jpg\" alt=\"\" data-id=\"2245\" data-full-url=\"https:\/\/ledorga.fr\/wp-content\/uploads\/2025\/08\/musee_rubanerie2.jpg\" data-link=\"https:\/\/ledorga.fr\/?attachment_id=2245\" class=\"wp-image-2245\" srcset=\"https:\/\/ledorga.fr\/wp-content\/uploads\/2025\/08\/musee_rubanerie2-768x1024.jpg 768w, https:\/\/ledorga.fr\/wp-content\/uploads\/2025\/08\/musee_rubanerie2-225x300.jpg 225w, https:\/\/ledorga.fr\/wp-content\/uploads\/2025\/08\/musee_rubanerie2.jpg 960w\" sizes=\"(max-width: 768px) 100vw, 768px\" \/><\/figure><\/li><li class=\"blocks-gallery-item\"><figure><img loading=\"lazy\" width=\"768\" height=\"1024\" src=\"https:\/\/ledorga.fr\/wp-content\/uploads\/2025\/08\/musee_rubanerie3-768x1024.jpg\" alt=\"\" data-id=\"2246\" data-full-url=\"https:\/\/ledorga.fr\/wp-content\/uploads\/2025\/08\/musee_rubanerie3.jpg\" data-link=\"https:\/\/ledorga.fr\/?attachment_id=2246\" class=\"wp-image-2246\" srcset=\"https:\/\/ledorga.fr\/wp-content\/uploads\/2025\/08\/musee_rubanerie3-768x1024.jpg 768w, https:\/\/ledorga.fr\/wp-content\/uploads\/2025\/08\/musee_rubanerie3-225x300.jpg 225w, https:\/\/ledorga.fr\/wp-content\/uploads\/2025\/08\/musee_rubanerie3-1152x1536.jpg 1152w, https:\/\/ledorga.fr\/wp-content\/uploads\/2025\/08\/musee_rubanerie3-1536x2048.jpg 1536w, https:\/\/ledorga.fr\/wp-content\/uploads\/2025\/08\/musee_rubanerie3.jpg 1920w\" sizes=\"(max-width: 768px) 100vw, 768px\" \/><\/figure><\/li><li class=\"blocks-gallery-item\"><figure><img loading=\"lazy\" width=\"550\" height=\"733\" src=\"https:\/\/ledorga.fr\/wp-content\/uploads\/2025\/08\/musee_rubanerie4.jpg\" alt=\"\" data-id=\"2247\" data-full-url=\"https:\/\/ledorga.fr\/wp-content\/uploads\/2025\/08\/musee_rubanerie4.jpg\" data-link=\"https:\/\/ledorga.fr\/?attachment_id=2247\" class=\"wp-image-2247\" srcset=\"https:\/\/ledorga.fr\/wp-content\/uploads\/2025\/08\/musee_rubanerie4.jpg 550w, https:\/\/ledorga.fr\/wp-content\/uploads\/2025\/08\/musee_rubanerie4-225x300.jpg 225w\" sizes=\"(max-width: 550px) 100vw, 550px\" \/><\/figure><\/li><\/ul><\/figure>\n\n\n\n<p>Ensuite, vous prendrez la direction de la France pour un repas, suivi d\u2019une grande surprise. Pr\u00e9parez vous \u00e0 une activit\u00e9 inhabituelle qui devrait ravir l\u2019ensemble des participants. Mais, chut&nbsp;! venez et vous verrez.<br>En fin d\u2019apr\u00e8s midi, retour vers l\u2019h\u00f4tel Holiday Inn Lille ouest Englos. Le d\u00eener sera pris au restaurant de l\u2019h\u00f4tel. Pour la soir\u00e9e, le bar reste \u00e0 votre disposition pour une discussion autour d\u2019un verre.<\/p>\n\n\n\n<figure class=\"wp-block-image size-large\"><img loading=\"lazy\" width=\"497\" height=\"385\" src=\"https:\/\/ledorga.fr\/wp-content\/uploads\/2025\/08\/samedi_surprise1.png\" alt=\"\" class=\"wp-image-2243\" srcset=\"https:\/\/ledorga.fr\/wp-content\/uploads\/2025\/08\/samedi_surprise1.png 497w, https:\/\/ledorga.fr\/wp-content\/uploads\/2025\/08\/samedi_surprise1-300x232.png 300w\" sizes=\"(max-width: 497px) 100vw, 497px\" \/><\/figure>\n\n\n\n<p>Le <strong>dimanche 19 avril<\/strong>, direction la ville de Ypres (Ieper) en Belgique pour d\u00e9couvrir Cady Cars. Cady Cars est un endroit absolument unique puisqu\u2019il s\u2019agit en fait du lieu o\u00f9 est expos\u00e9e la collection de voitures anciennes de Thierry Dehaeck. Contrairement aux autres collectionneurs, Thierry se passionne uniquement pour des mod\u00e8les exceptionnels et tr\u00e8s rares. Peu importe leur provenance ou leur marque, seuls leur caract\u00e8re unique ou leur raret\u00e9 comptent. On trouve ainsi une cinquantaine de v\u00e9hicules totalement cultes \u00e0 l\u2019image de cette Ferrari Daytona Spider de 1972, d\u2019une Ferrari 275 GTB de 1965 ou encored\u2019une Maserati Ghibli Spyder de 1969. On trouve \u00e9galement une salle d\u00e9di\u00e9e \u00e0 Citro\u00ebn et en particulier aux SM dont certaines sont tr\u00e8s rares. Le ma\u00eetre des lieux ne s\u2019est pas content\u00e9 d\u2019aligner des voitures, il a souhait\u00e9 cr\u00e9er une v\u00e9ritable ambiance avec notamment un carrousel d\u2019\u00e9poque en parfait \u00e9tat de marche et une superbe brasserie fran\u00e7aise des ann\u00e9es 50 avec une vue sur les autos. Toutes les voitures sont parfaitement restaur\u00e9es et roulent r\u00e9guli\u00e8rement.&nbsp;Bref, un lieu unique ou l\u2019\u00e9l\u00e9gance, la passion et le savoir-faire se c\u00f4toient. Pour ceux qui veulent en savoir plus, Thierry Dehaeck a \u00e9dit\u00e9 un beau livre avec historique complet pour chaque automobile et plus de 230 illustrations.<\/p>\n\n\n\n<figure class=\"wp-block-gallery columns-3 is-cropped\"><ul class=\"blocks-gallery-grid\"><li class=\"blocks-gallery-item\"><figure><img loading=\"lazy\" width=\"1024\" height=\"576\" src=\"https:\/\/ledorga.fr\/wp-content\/uploads\/2025\/08\/cadycars1-1024x576.jpg\" alt=\"\" data-id=\"2239\" data-full-url=\"https:\/\/ledorga.fr\/wp-content\/uploads\/2025\/08\/cadycars1.jpg\" data-link=\"https:\/\/ledorga.fr\/?attachment_id=2239\" class=\"wp-image-2239\" srcset=\"https:\/\/ledorga.fr\/wp-content\/uploads\/2025\/08\/cadycars1-1024x576.jpg 1024w, https:\/\/ledorga.fr\/wp-content\/uploads\/2025\/08\/cadycars1-300x169.jpg 300w, https:\/\/ledorga.fr\/wp-content\/uploads\/2025\/08\/cadycars1-768x432.jpg 768w, https:\/\/ledorga.fr\/wp-content\/uploads\/2025\/08\/cadycars1.jpg 1424w\" sizes=\"(max-width: 1024px) 100vw, 1024px\" \/><\/figure><\/li><li class=\"blocks-gallery-item\"><figure><img loading=\"lazy\" width=\"1024\" height=\"576\" src=\"https:\/\/ledorga.fr\/wp-content\/uploads\/2025\/08\/cadycars2-1024x576.jpg\" alt=\"\" data-id=\"2240\" data-full-url=\"https:\/\/ledorga.fr\/wp-content\/uploads\/2025\/08\/cadycars2.jpg\" data-link=\"https:\/\/ledorga.fr\/?attachment_id=2240\" class=\"wp-image-2240\" srcset=\"https:\/\/ledorga.fr\/wp-content\/uploads\/2025\/08\/cadycars2-1024x576.jpg 1024w, https:\/\/ledorga.fr\/wp-content\/uploads\/2025\/08\/cadycars2-300x169.jpg 300w, https:\/\/ledorga.fr\/wp-content\/uploads\/2025\/08\/cadycars2-768x432.jpg 768w, https:\/\/ledorga.fr\/wp-content\/uploads\/2025\/08\/cadycars2.jpg 1424w\" sizes=\"(max-width: 1024px) 100vw, 1024px\" \/><\/figure><\/li><li class=\"blocks-gallery-item\"><figure><img loading=\"lazy\" width=\"800\" height=\"800\" src=\"https:\/\/ledorga.fr\/wp-content\/uploads\/2025\/08\/cadycars3.jpg\" alt=\"\" data-id=\"2241\" data-full-url=\"https:\/\/ledorga.fr\/wp-content\/uploads\/2025\/08\/cadycars3.jpg\" data-link=\"https:\/\/ledorga.fr\/?attachment_id=2241\" class=\"wp-image-2241\" srcset=\"https:\/\/ledorga.fr\/wp-content\/uploads\/2025\/08\/cadycars3.jpg 800w, https:\/\/ledorga.fr\/wp-content\/uploads\/2025\/08\/cadycars3-300x300.jpg 300w, https:\/\/ledorga.fr\/wp-content\/uploads\/2025\/08\/cadycars3-150x150.jpg 150w, https:\/\/ledorga.fr\/wp-content\/uploads\/2025\/08\/cadycars3-768x768.jpg 768w\" sizes=\"(max-width: 800px) 100vw, 800px\" \/><\/figure><\/li><li class=\"blocks-gallery-item\"><figure><img loading=\"lazy\" width=\"1024\" height=\"683\" src=\"https:\/\/ledorga.fr\/wp-content\/uploads\/2025\/08\/cadycars4-1024x683.jpg\" alt=\"\" data-id=\"2242\" data-full-url=\"https:\/\/ledorga.fr\/wp-content\/uploads\/2025\/08\/cadycars4.jpg\" data-link=\"https:\/\/ledorga.fr\/?attachment_id=2242\" class=\"wp-image-2242\" srcset=\"https:\/\/ledorga.fr\/wp-content\/uploads\/2025\/08\/cadycars4-1024x683.jpg 1024w, https:\/\/ledorga.fr\/wp-content\/uploads\/2025\/08\/cadycars4-300x200.jpg 300w, https:\/\/ledorga.fr\/wp-content\/uploads\/2025\/08\/cadycars4-768x512.jpg 768w, https:\/\/ledorga.fr\/wp-content\/uploads\/2025\/08\/cadycars4.jpg 1200w\" sizes=\"(max-width: 1024px) 100vw, 1024px\" \/><\/figure><\/li><\/ul><\/figure>\n\n\n\n<p>Ensuite retour en France, o\u00f9 le repas sera pris dans un restaurant proche du mont des Cats.<\/p>\n\n\n\n<p>Apr\u00e8s le repas, vous prendrez la route vers Arques pour d\u00e9couvrir l\u2019ascenseur \u00e0 bateaux des Fontinettes. \u00c0 Arques, au lieu-dit des Fontinettes, le canal de Neuffoss\u00e9 accuse un d\u00e9nivel\u00e9 de 13,13 m\u00e8tres. Durant de nombreuses ann\u00e9es, cette chute \u00e9tait alors rachet\u00e9e par 5 \u00e9cluses. Mais \u00e0 la fin du 19\u00e8 si\u00e8cle, le trafic de p\u00e9niches sur le canal se densifie et les embouteillages de bateaux se font de plus en plus importants. Si pendant un temps il est envisag\u00e9 de doubler ces \u00e9cluses, tr\u00e8s vite une id\u00e9e nouvelle fait son chemin dans l\u2019esprit des ing\u00e9nieurs de l\u2019\u00e9poque&nbsp;: un ascenseur \u00e0 bateaux. L\u2019id\u00e9e n\u2019est pas in\u00e9dite, il existe un mod\u00e8le en Angleterre, \u00e0 Anderton plus pr\u00e9cis\u00e9ment et c\u2019est cet ouvrage qui va servir de r\u00e9f\u00e9rence. Les travaux commencent en 1883 et il ne faudra pas moins de 4 ans pour venir \u00e0 bout de ce chantier. L\u2019inauguration de l\u2019ascenseur \u00e0 bateaux a lieu le 8 juillet 1888 devant une foule \u00e9bahie de voir les bacs contenant des p\u00e9niches de plusieurs tonnes se mouvoir avec autant de facilit\u00e9. Le principe physique est pourtant simple, il s\u2019agit de celui des vases communicants et de la pouss\u00e9e d\u2019Archim\u00e8de, il suffisait d\u2019y penser&nbsp;!&nbsp;Il faut environ 22 minutes pour qu\u2019une p\u00e9niche monte ou descende l\u2019ascenseur et celui-ci peut contenir 2 p\u00e9niches \u00e0 la fois. Apr\u00e8s son arr\u00eat d\u00e9finitif en 1967, celui-ci&nbsp; a \u00e9t\u00e9 restaur\u00e9 et sauv\u00e9 \u00e0 partir des ann\u00e9es.<\/p>\n\n\n\n<figure class=\"wp-block-gallery columns-3 is-cropped\"><ul class=\"blocks-gallery-grid\"><li class=\"blocks-gallery-item\"><figure><img loading=\"lazy\" width=\"660\" height=\"440\" src=\"https:\/\/ledorga.fr\/wp-content\/uploads\/2025\/08\/ascenseur_bateaux_fontinettes2.jpg\" alt=\"\" data-id=\"2235\" data-full-url=\"https:\/\/ledorga.fr\/wp-content\/uploads\/2025\/08\/ascenseur_bateaux_fontinettes2.jpg\" data-link=\"https:\/\/ledorga.fr\/?attachment_id=2235\" class=\"wp-image-2235\" srcset=\"https:\/\/ledorga.fr\/wp-content\/uploads\/2025\/08\/ascenseur_bateaux_fontinettes2.jpg 660w, https:\/\/ledorga.fr\/wp-content\/uploads\/2025\/08\/ascenseur_bateaux_fontinettes2-300x200.jpg 300w\" sizes=\"(max-width: 660px) 100vw, 660px\" \/><\/figure><\/li><li class=\"blocks-gallery-item\"><figure><img loading=\"lazy\" width=\"820\" height=\"604\" src=\"https:\/\/ledorga.fr\/wp-content\/uploads\/2025\/08\/ascenseur_bateaux_fontinettes3.jpg\" alt=\"\" data-id=\"2236\" data-full-url=\"https:\/\/ledorga.fr\/wp-content\/uploads\/2025\/08\/ascenseur_bateaux_fontinettes3.jpg\" data-link=\"https:\/\/ledorga.fr\/?attachment_id=2236\" class=\"wp-image-2236\" srcset=\"https:\/\/ledorga.fr\/wp-content\/uploads\/2025\/08\/ascenseur_bateaux_fontinettes3.jpg 820w, https:\/\/ledorga.fr\/wp-content\/uploads\/2025\/08\/ascenseur_bateaux_fontinettes3-300x221.jpg 300w, https:\/\/ledorga.fr\/wp-content\/uploads\/2025\/08\/ascenseur_bateaux_fontinettes3-768x566.jpg 768w\" sizes=\"(max-width: 820px) 100vw, 820px\" \/><\/figure><\/li><li class=\"blocks-gallery-item\"><figure><img loading=\"lazy\" width=\"1024\" height=\"768\" src=\"https:\/\/ledorga.fr\/wp-content\/uploads\/2025\/08\/ascenseur_bateaux_fontinettes4-1024x768.jpg\" alt=\"\" data-id=\"2237\" data-full-url=\"https:\/\/ledorga.fr\/wp-content\/uploads\/2025\/08\/ascenseur_bateaux_fontinettes4.jpg\" data-link=\"https:\/\/ledorga.fr\/?attachment_id=2237\" class=\"wp-image-2237\" srcset=\"https:\/\/ledorga.fr\/wp-content\/uploads\/2025\/08\/ascenseur_bateaux_fontinettes4-1024x768.jpg 1024w, https:\/\/ledorga.fr\/wp-content\/uploads\/2025\/08\/ascenseur_bateaux_fontinettes4-300x225.jpg 300w, https:\/\/ledorga.fr\/wp-content\/uploads\/2025\/08\/ascenseur_bateaux_fontinettes4-768x576.jpg 768w, https:\/\/ledorga.fr\/wp-content\/uploads\/2025\/08\/ascenseur_bateaux_fontinettes4-546x409.jpg 546w, https:\/\/ledorga.fr\/wp-content\/uploads\/2025\/08\/ascenseur_bateaux_fontinettes4.jpg 1200w\" sizes=\"(max-width: 1024px) 100vw, 1024px\" \/><\/figure><\/li><li class=\"blocks-gallery-item\"><figure><img loading=\"lazy\" width=\"640\" height=\"480\" src=\"https:\/\/ledorga.fr\/wp-content\/uploads\/2025\/08\/ascenseur_bateaux_fontinettes1.jpg\" alt=\"\" data-id=\"2234\" data-full-url=\"https:\/\/ledorga.fr\/wp-content\/uploads\/2025\/08\/ascenseur_bateaux_fontinettes1.jpg\" data-link=\"https:\/\/ledorga.fr\/?attachment_id=2234\" class=\"wp-image-2234\" srcset=\"https:\/\/ledorga.fr\/wp-content\/uploads\/2025\/08\/ascenseur_bateaux_fontinettes1.jpg 640w, https:\/\/ledorga.fr\/wp-content\/uploads\/2025\/08\/ascenseur_bateaux_fontinettes1-300x225.jpg 300w, https:\/\/ledorga.fr\/wp-content\/uploads\/2025\/08\/ascenseur_bateaux_fontinettes1-546x409.jpg 546w\" sizes=\"(max-width: 640px) 100vw, 640px\" \/><\/figure><\/li><li class=\"blocks-gallery-item\"><figure><img loading=\"lazy\" width=\"950\" height=\"633\" src=\"https:\/\/ledorga.fr\/wp-content\/uploads\/2025\/08\/ascenseur_bateaux_fontinettes5.jpg\" alt=\"\" data-id=\"2238\" data-full-url=\"https:\/\/ledorga.fr\/wp-content\/uploads\/2025\/08\/ascenseur_bateaux_fontinettes5.jpg\" data-link=\"https:\/\/ledorga.fr\/?attachment_id=2238\" class=\"wp-image-2238\" srcset=\"https:\/\/ledorga.fr\/wp-content\/uploads\/2025\/08\/ascenseur_bateaux_fontinettes5.jpg 950w, https:\/\/ledorga.fr\/wp-content\/uploads\/2025\/08\/ascenseur_bateaux_fontinettes5-300x200.jpg 300w, https:\/\/ledorga.fr\/wp-content\/uploads\/2025\/08\/ascenseur_bateaux_fontinettes5-768x512.jpg 768w\" sizes=\"(max-width: 950px) 100vw, 950px\" \/><\/figure><\/li><\/ul><\/figure>\n\n\n\n<p>En fin d\u2019apr\u00e8s midi, retour vers l\u2019h\u00f4tel Holiday Inn Lille ouest Englos. Le d\u00eener sera pris au restaurant de l\u2019h\u00f4tel. Pour la soir\u00e9e, le bar reste \u00e0 votre disposition pour une discussion autour d\u2019un verre.<\/p>\n\n\n\n<p>&nbsp;Le <strong>lundi 20 avril<\/strong>,&nbsp; lev\u00e9 \u00e0 l\u2019heure ou vous le souhaitez. La salle pour le petit d\u00e9jeuner reste ouverte jusqu&rsquo;\u00e0 10h00. Ensuite chacun est libre pour retourner vers son domicile. Pour les plus press\u00e9s, ils peuvent partir t\u00f4t le matin. Pour les autres, il sera possible de prolonger le s\u00e9jour dans la r\u00e9gion et d\u00e9couvrir individuellement d\u2019autres curiosit\u00e9s.<\/p>\n\n\n\n<h4><strong>TARIFS<\/strong><\/h4>\n\n\n\n<p>Le prix de <strong><em><u>445\u20ac<\/u><\/em><\/strong> par personne en chambre double (soit 890\u20ac pour 2 personnes)<\/p>\n\n\n\n<p>et <strong><em><u>575\u20ac<\/u><\/em><\/strong> en chambre simple comprend&nbsp;:<\/p>\n\n\n\n<ul><li>3 d\u00eeners \u00e0 l\u2019h\u00f4tel Holiday Inn Lille ouest Englos<\/li><li>3 nuits \u00e0 l\u2019h\u00f4tel Holiday Inn Lille ouest Englos****<\/li><li>3 petits d\u00e9jeuners en buffet<\/li><li>1 repas au restaurant le samedi midi<\/li><li>1 repas au restaurant le dimanche midi<\/li><li>La visite du mus\u00e9e de la rubanerie \u00e0 Comines (Belgique)<\/li><li>La grande surprise du samedi apr\u00e8s midi<\/li><li>La visite de la collection Cady Cars \u00e0 Ypres (Belgique)<\/li><li>La visite de l\u2019ascenseur \u00e0 bateaux des Fontinettes \u00e0 Arques<\/li><li>les documents n\u00e9cessaires au bon d\u00e9roulement du week-end (road-book et autre&#8230;).<\/li><\/ul>\n\n\n\n<p>Important&nbsp;: tous les repas sont complets pour les 4 jours avec vin, eau &amp; caf\u00e9 durant les repas.<\/p>\n\n\n\n<p>Ne sont pas compris dans ce tarif&nbsp;: les consommations personnelles prises aux bars des restaurants et&nbsp; de l\u2019h\u00f4tel, les bouteilles prisent en suppl\u00e9ment durant les repas dans les diff\u00e9rents restaurants.<\/p>\n\n\n\n<p><strong><u>Important<\/u><\/strong>&nbsp;: Pour les personnes seules, merci de r\u00e9server une chambre simple et non pas une demi chambre double. L\u2019organisation n\u2019est pas charg\u00e9e de trouver une seconde personne afin d\u2019occuper une chambre double avec vous. Merci.<\/p>\n\n\n\n<p>Votre inscription est d\u00e9finitive uniquement \u00e0 la r\u00e9ception totale du montant de l\u2019inscription et le payement doit se faire au plus tard le 15 janvier 2026 pour le Sweet Trip 2026.<\/p>\n\n\n\n<p>En cas d\u2019annulation, des frais seront retenus sur votre inscription&nbsp;:<\/p>\n\n\n\n<p>Jusqu\u2019\u00e0 60 jours avant le Sweet Trip&nbsp;:&nbsp;&nbsp; Votre inscription peut \u00eatre annul\u00e9e sans frais<\/p>\n\n\n\n<p>Entre 59 et 30 jours avant le Sweet Trip&nbsp;: 80% du total de l\u2019inscription est rembours\u00e9e<\/p>\n\n\n\n<p>Entre 29 et 15 jours avant le Sweet Trip&nbsp;: 50% du total de l\u2019inscription est rembours\u00e9e<\/p>\n\n\n\n<p>Entre 14 et 8 jours avant le Sweet Trip&nbsp;: 20% du total de l\u2019inscription est rembours\u00e9e<\/p>\n\n\n\n<p>Derniers 7 jours avant le Sweet Trip&nbsp;:&nbsp;&nbsp; Pas de remboursement de l\u2019inscription<\/p>\n\n\n\n<p>Attention&nbsp;: ce document n\u2019a aucune valeur contractuelle et peut \u00eatre soumis \u00e0 changement si n\u00e9cessaire.<\/p>\n","protected":false},"excerpt":{"rendered":"<p class=\"mb-2\">17-18-19-20 avril 2026 Lieux : D\u00e9partement du Nord PRESENTATION J\u2019ai l\u2019honneur et le plaisir de vous pr\u00e9senter le rallye gay en automobile ancienne, le 12\u00e8me SWEET TRIP, qui aura lieu le week-end du 17 au 20 avril 2026, sous la direction de Dominique De Taverny. Pour 2026, le SWEET TRIP se d\u00e9roulera dans le d\u00e9partement [&hellip;]<\/p>\n","protected":false},"author":1,"featured_media":0,"parent":0,"menu_order":0,"comment_status":"closed","ping_status":"closed","template":"","meta":[],"_links":{"self":[{"href":"https:\/\/ledorga.fr\/index.php?rest_route=\/wp\/v2\/pages\/2231"}],"collection":[{"href":"https:\/\/ledorga.fr\/index.php?rest_route=\/wp\/v2\/pages"}],"about":[{"href":"https:\/\/ledorga.fr\/index.php?rest_route=\/wp\/v2\/types\/page"}],"author":[{"embeddable":true,"href":"https:\/\/ledorga.fr\/index.php?rest_route=\/wp\/v2\/users\/1"}],"replies":[{"embeddable":true,"href":"https:\/\/ledorga.fr\/index.php?rest_route=%2Fwp%2Fv2%2Fcomments&post=2231"}],"version-history":[{"count":5,"href":"https:\/\/ledorga.fr\/index.php?rest_route=\/wp\/v2\/pages\/2231\/revisions"}],"predecessor-version":[{"id":2284,"href":"https:\/\/ledorga.fr\/index.php?rest_route=\/wp\/v2\/pages\/2231\/revisions\/2284"}],"wp:attachment":[{"href":"https:\/\/ledorga.fr\/index.php?rest_route=%2Fwp%2Fv2%2Fmedia&parent=2231"}],"curies":[{"name":"wp","href":"https:\/\/api.w.org\/{rel}","templated":true}]}}