{"id":792,"date":"2021-11-30T18:04:58","date_gmt":"2021-11-30T17:04:58","guid":{"rendered":"http:\/\/ledorga.fr\/?page_id=792"},"modified":"2025-11-09T18:54:09","modified_gmt":"2025-11-09T17:54:09","slug":"lhistorique-des-gaystronotrip","status":"publish","type":"page","link":"https:\/\/ledorga.fr\/?page_id=792","title":{"rendered":"L&rsquo;historique des Gaystronotrip"},"content":{"rendered":"\n<div class=\"wp-block-group\"><div class=\"wp-block-group__inner-container\">\n<div class=\"wp-block-image\"><figure class=\"alignleft size-medium is-resized\"><img loading=\"lazy\" src=\"https:\/\/ledorga.fr\/wp-content\/uploads\/2024\/01\/1-20190104-DDT-300x300.png\" alt=\"\" class=\"wp-image-1779\" width=\"300\" height=\"300\" srcset=\"https:\/\/ledorga.fr\/wp-content\/uploads\/2024\/01\/1-20190104-DDT-300x300.png 300w, https:\/\/ledorga.fr\/wp-content\/uploads\/2024\/01\/1-20190104-DDT-1024x1024.png 1024w, https:\/\/ledorga.fr\/wp-content\/uploads\/2024\/01\/1-20190104-DDT-150x150.png 150w, https:\/\/ledorga.fr\/wp-content\/uploads\/2024\/01\/1-20190104-DDT-768x768.png 768w, https:\/\/ledorga.fr\/wp-content\/uploads\/2024\/01\/1-20190104-DDT-1536x1536.png 1536w, https:\/\/ledorga.fr\/wp-content\/uploads\/2024\/01\/1-20190104-DDT-2048x2048.png 2048w\" sizes=\"(max-width: 300px) 100vw, 300px\" \/><\/figure><\/div>\n\n\n\n<p>Suite \u00e0 la demande de certains participants du&nbsp;Rainbow&nbsp;Tour ou&nbsp;Sweet&nbsp;Trip, le&nbsp;Gaystronotrip&nbsp;est apparu en 2021. Pour cette nouvelle sortie, l\u2019accent est mis sur les richesses et les r\u00e9putations de la France. Pour ce tour auto, une s\u00e9lection d\u2019h\u00f4tels, auberges ou ch\u00e2teaux h\u00f4tels est pr\u00e9f\u00e9r\u00e9e. La gastronomie sera un point important de cette sortie\u202f: dans la mesure du possible, les restaurants retenus sont s\u00e9lectionn\u00e9s par le c\u00e9l\u00e8bre guide Gault&amp;Millau ou Michelin. Pour les participants, les repas sont compos\u00e9s de bons plats locaux et aussi d\u2019une cuisine plus raffin\u00e9e et travaill\u00e9e.&nbsp;Les&nbsp;mois&nbsp;de septembre et octobre sont&nbsp;souvent une p\u00e9riode plus calme pour les activit\u00e9s li\u00e9es \u00e0 l\u2019automobile ancienne, et c\u2019est pour cela que nous profitons de ce moment pour nous retrouver dans une r\u00e9gion de France diff\u00e9rente \u00e0 chaque fois. La rencontre \u00e9tant plus longue dans le temps, cela permet de d\u00e9couvrir de mani\u00e8re plus&nbsp;approfondie une r\u00e9gion nouvelle. Cette rencontre est d\u00e9di\u00e9e exclusivement \u00e0 la promenade&nbsp;automobile&nbsp;et \u00e0 la d\u00e9tente en parcourant le plus possible les routes touristique de la r\u00e9gion de destination, et ceci sans jeux ou questions. Enfin, le groupe est de taille plus r\u00e9duite ce qui permet d\u2019approfondir les nouvelles rencontres ou d\u2019entretenir les amiti\u00e9s anciennes ou nouvelles.&nbsp;<\/p>\n\n\n\n<p>Depuis 2021,&nbsp;le&nbsp;Gaystronotrip&nbsp;est un rassemblement unique destin\u00e9 aux gays&nbsp;(ou&nbsp;gayfriendly)&nbsp;amateurs de v\u00e9hicules anciens ou d\u2019exceptions. Cet \u00e9v\u00e9nement unique en Europe se d\u00e9roule sur une p\u00e9riode de 1 semaine tous les 2 ans au mois&nbsp;de septembre ou&nbsp;octobre.&nbsp;<\/p>\n\n\n\n<p>Notre slogan pour cet \u00e9v\u00e9nement est&nbsp;simple\u202f: une semaine de gastronomie&nbsp;en voiture ancienne\u202f!<\/p>\n<\/div><\/div>\n\n\n\n<hr class=\"wp-block-separator is-style-wide\"\/>\n\n\n\n<h2 class=\"has-text-align-center\">2025<\/h2>\n\n\n\n<div class=\"wp-block-columns\">\n<div class=\"wp-block-column\" style=\"flex-basis:50%\">\n<div class=\"wp-block-image\"><figure class=\"alignright size-medium\"><img loading=\"lazy\" width=\"300\" height=\"183\" src=\"https:\/\/ledorga.fr\/wp-content\/uploads\/2025\/11\/bandeau2_GT2025-300x183.jpg\" alt=\"\" class=\"wp-image-2294\" srcset=\"https:\/\/ledorga.fr\/wp-content\/uploads\/2025\/11\/bandeau2_GT2025-300x183.jpg 300w, https:\/\/ledorga.fr\/wp-content\/uploads\/2025\/11\/bandeau2_GT2025.jpg 736w\" sizes=\"(max-width: 300px) 100vw, 300px\" \/><\/figure><\/div>\n\n\n\n<p><\/p>\n<\/div>\n\n\n\n<div class=\"wp-block-column is-vertically-aligned-center\" style=\"flex-basis:50%\">\n<p>Date : Du 4 au 11 octobre 2025<\/p>\n\n\n\n<p>Lieu : Charente &amp; Gironde<\/p>\n<\/div>\n<\/div>\n\n\n\n<h2 class=\"has-text-align-center\">2023<\/h2>\n\n\n\n<div class=\"wp-block-columns\">\n<div class=\"wp-block-column is-vertically-aligned-center\" style=\"flex-basis:50%\">\n<p class=\"has-text-align-right\">Date : Du 23 au 30 Sept. 2023<\/p>\n\n\n\n<p class=\"has-text-align-right\">Lieu : Bresse  Savoie<\/p>\n<\/div>\n\n\n\n<div class=\"wp-block-column\" style=\"flex-basis:50%\">\n<figure class=\"wp-block-image size-medium\"><img loading=\"lazy\" width=\"300\" height=\"200\" src=\"https:\/\/ledorga.fr\/wp-content\/uploads\/2023\/01\/bandeau2_GT2023-300x200.jpg\" alt=\"\" class=\"wp-image-1152\" srcset=\"https:\/\/ledorga.fr\/wp-content\/uploads\/2023\/01\/bandeau2_GT2023-300x200.jpg 300w, https:\/\/ledorga.fr\/wp-content\/uploads\/2023\/01\/bandeau2_GT2023.jpg 720w\" sizes=\"(max-width: 300px) 100vw, 300px\" \/><\/figure>\n<\/div>\n<\/div>\n\n\n\n<h2 class=\"has-text-align-center\">2021<\/h2>\n\n\n\n<div class=\"wp-block-columns\">\n<div class=\"wp-block-column\" style=\"flex-basis:50%\">\n<div class=\"wp-block-image\"><figure class=\"alignright size-medium\"><img loading=\"lazy\" width=\"300\" height=\"195\" src=\"https:\/\/ledorga.fr\/wp-content\/uploads\/2021\/11\/bandeau_GT2021-2-300x195.jpg\" alt=\"\" class=\"wp-image-793\" srcset=\"https:\/\/ledorga.fr\/wp-content\/uploads\/2021\/11\/bandeau_GT2021-2-300x195.jpg 300w, https:\/\/ledorga.fr\/wp-content\/uploads\/2021\/11\/bandeau_GT2021-2.jpg 724w\" sizes=\"(max-width: 300px) 100vw, 300px\" \/><\/figure><\/div>\n<\/div>\n\n\n\n<div class=\"wp-block-column is-vertically-aligned-center\" style=\"flex-basis:50%\">\n<p>Date : Du 9 au 16 Oct. 2021<\/p>\n\n\n\n<p>Lieu : Alsace<\/p>\n<\/div>\n<\/div>\n","protected":false},"excerpt":{"rendered":"<p class=\"mb-2\">2025 Date : Du 4 au 11 octobre 2025 Lieu : Charente &amp; Gironde 2023 Date : Du 23 au 30 Sept. 2023 Lieu : Bresse Savoie 2021 Date : Du 9 au 16 Oct. 2021 Lieu : Alsace<\/p>\n","protected":false},"author":1,"featured_media":0,"parent":0,"menu_order":0,"comment_status":"closed","ping_status":"closed","template":"","meta":[],"_links":{"self":[{"href":"https:\/\/ledorga.fr\/index.php?rest_route=\/wp\/v2\/pages\/792"}],"collection":[{"href":"https:\/\/ledorga.fr\/index.php?rest_route=\/wp\/v2\/pages"}],"about":[{"href":"https:\/\/ledorga.fr\/index.php?rest_route=\/wp\/v2\/types\/page"}],"author":[{"embeddable":true,"href":"https:\/\/ledorga.fr\/index.php?rest_route=\/wp\/v2\/users\/1"}],"replies":[{"embeddable":true,"href":"https:\/\/ledorga.fr\/index.php?rest_route=%2Fwp%2Fv2%2Fcomments&post=792"}],"version-history":[{"count":11,"href":"https:\/\/ledorga.fr\/index.php?rest_route=\/wp\/v2\/pages\/792\/revisions"}],"predecessor-version":[{"id":2372,"href":"https:\/\/ledorga.fr\/index.php?rest_route=\/wp\/v2\/pages\/792\/revisions\/2372"}],"wp:attachment":[{"href":"https:\/\/ledorga.fr\/index.php?rest_route=%2Fwp%2Fv2%2Fmedia&parent=792"}],"curies":[{"name":"wp","href":"https:\/\/api.w.org\/{rel}","templated":true}]}}